{"id":2811,"date":"2022-05-23T10:33:51","date_gmt":"2022-05-23T10:33:51","guid":{"rendered":"https:\/\/www.bianchifinance-societarl.com\/index.php\/prezzi\/"},"modified":"2022-06-06T07:55:17","modified_gmt":"2022-06-06T07:55:17","slug":"prezzi","status":"publish","type":"page","link":"https:\/\/www.bianchifinance-societarl.com\/index.php\/prezzi\/?lang=it","title":{"rendered":"Prezzi"},"content":{"rendered":"<p>[vc_row css=&#8221;.vc_custom_1510561695682{margin-right: 0px !important;margin-bottom: 50px !important;margin-left: 0px !important;padding-top: 100px !important;padding-bottom: 100px !important;background-image: url(http:\/\/www.bianchifinance-societarl.com\/wp-content\/uploads\/\/2017\/09\/promotion-performance-review-ringsidetalent.jpg?id=95) !important;background-position: center !important;background-repeat: no-repeat !important;background-size: cover !important;}&#8221;][vc_column width=&#8221;1\/6&#8243;][\/vc_column][vc_column width=&#8221;2\/3&#8243;][vc_custom_heading text=&#8221;Vinciamo quando Sorridi.&#8221; font_container=&#8221;tag:h2|font_size:48px|text_align:center|color:%23dd3333&#8243; use_theme_fonts=&#8221;yes&#8221; css=&#8221;.vc_custom_1650466094369{padding-top: 30px !important;padding-right: 30px !important;padding-bottom: 30px !important;padding-left: 30px !important;background-color: rgba(255,255,255,0.88) !important;*background-color: rgb(255,255,255) !important;}&#8221; el_class=&#8221;shadow&#8221;][\/vc_column][vc_column width=&#8221;1\/6&#8243;][\/vc_column][\/vc_row][vc_row][vc_column width=&#8221;2\/3&#8243;][vc_custom_heading text=&#8221;Dai un&#8217;occhiata al nostro listino!&#8221; font_container=&#8221;tag:h3|text_align:left&#8221; use_theme_fonts=&#8221;yes&#8221;][vc_empty_space height=&#8221;30px&#8221;][vc_column_text]Supponiamo di pensare di sostituire un dente caduto o estratto con un impianto dentale e una protesi fissa. In tal caso, i prezzi degli impianti dentali in Albania sono inferiori a quelli del tuo paese: prodotti dentali di ottima qualit\u00e0 risparmiano il 70%!<\/p>\n<p><strong>Ma quanto costano gli impianti dentali in Albania?<\/strong><\/p>\n<p>Grazie alla tassazione agevolata in Albania, i prezzi dei nostri impianti dentali e delle nostre protesi fisse possono essere molto pi\u00f9 bassi che in altri paesi.<\/p>\n<p>Ma i prodotti dentali che offriamo nella nostra clinica sono tutti di qualit\u00e0, con certificazione CE e passaporto implantare per gli impianti (per la tracciabilit\u00e0 del prodotto).[\/vc_column_text][vc_empty_space height=&#8221;150px&#8221;][vc_custom_heading text=&#8221;Prezzo di Impianti Dentali &amp; Corone&#8221; font_container=&#8221;tag:h3|text_align:left&#8221; use_theme_fonts=&#8221;yes&#8221;][vc_empty_space height=&#8221;30px&#8221;][\/vc_column][vc_column width=&#8221;1\/3&#8243;][vc_single_image image=&#8221;2652&#8243; img_size=&#8221;full&#8221;][vc_empty_space height=&#8221;50px&#8221;][\/vc_column][\/vc_row][vc_row][vc_column width=&#8221;1\/3&#8243;]<div class=\"iconbox aligncenter  vc_custom_1653301003211\">\n\t<div class=\"box-header\">\n\t\t<div class=\"box-icon\"><img decoding=\"async\" src=\"https:\/\/www.bianchifinance-societarl.com\/wp-content\/uploads\/2022\/04\/All-on-6-implantology-1.png\" alt=\"Impianti Dentali da 350 \u20ac\" \/><\/div>\n\t\t<h5 class=\"box-title\">Impianti Dentali da 350 \u20ac<\/h5>\n\t<\/div>\n\t<div class=\"box-content\">\n\t\t<div class=\"box-detail\">\n\t\t\t<\/p>\n<p style=\"text-align: left\">Presso la Clinica ImplantSwiss in Albania, puoi avere impianti dentali in titanio a <strong>partire da \u20ac 350<\/strong>.<\/p>\n<p style=\"text-align: right\"><a href=\"https:\/\/www.bianchifinance-societarl.com\/index.php\/contatto\/?lang=it\">Richiedi un Preventivo&#8230;<\/a><\/p>\n<p>\n\n\t\t\t\n\t\t<\/div>\n\t<\/div>\n<\/div>[vc_empty_space height=&#8221;30px&#8221;][\/vc_column][vc_column width=&#8221;1\/3&#8243;]<div class=\"iconbox aligncenter  vc_custom_1654502113240\">\n\t<div class=\"box-header\">\n\t\t<div class=\"box-icon\"><img decoding=\"async\" src=\"https:\/\/www.bianchifinance-societarl.com\/wp-content\/uploads\/2022\/04\/All-on-6-implantology.png\" alt=\"Implantologia ``all on 6`` a soli 4500 \u20ac\" \/><\/div>\n\t\t<h6 class=\"box-title\">Implantologia ``all on 6`` a soli 4500 \u20ac<\/h6>\n\t<\/div>\n\t<div class=\"box-content\">\n\t\t<div class=\"box-detail\">\n\t\t\t<p><strong>Tutto su 6 implantologia<\/strong> conviene: un&#8217;intera arcata dentale fissata su sei impianti. All on 6 \u00e8 fissato in protesi dentarie con 14 denti in zirconio \u00e8 di <strong>4500 \u20ac<\/strong><\/p>\n<p style=\"text-align: right\"><a href=\"https:\/\/www.bianchifinance-societarl.com\/index.php\/contatto\/?lang=it\">Richiedi un Preventivo&#8230;<\/a><\/p>\n<p>\n\n\t\t\t\n\t\t<\/div>\n\t<\/div>\n<\/div>[vc_empty_space height=&#8221;30px&#8221;][\/vc_column][vc_column width=&#8221;1\/3&#8243;]<div class=\"iconbox aligncenter  vc_custom_1654173481203\">\n\t<div class=\"box-header\">\n\t\t<div class=\"box-icon\"><img decoding=\"async\" src=\"https:\/\/www.bianchifinance-societarl.com\/wp-content\/uploads\/2022\/04\/Total-mouth-All-on-6-implantology-1.png\" alt=\"Tutta la Bocca ``All on 6`` a Soli 9000 \u20ac\" \/><\/div>\n\t\t<h6 class=\"box-title\">Tutta la Bocca ``All on 6`` a Soli 9000 \u20ac<\/h6>\n\t<\/div>\n\t<div class=\"box-content\">\n\t\t<div class=\"box-detail\">\n\t\t\t<\/p>\n<p style=\"text-align: left\"><strong>2 protesi<\/strong> dentali fissate su <strong>6 impianti<\/strong> ciascuna. Il prezzo delle protesi dentale, di <strong>tutta la bocca, in 28 corone in zirconio, \u00e8 di soli 9000 \u20ac<\/strong><\/p>\n<p style=\"text-align: right\"><a href=\"https:\/\/www.bianchifinance-societarl.com\/index.php\/contatto\/?lang=it\">Richiedi un Preventivo&#8230;<\/a><\/p>\n<p>\n\n\t\t\t\n\t\t<\/div>\n\t<\/div>\n<\/div>[vc_empty_space height=&#8221;30px&#8221;][\/vc_column][\/vc_row][vc_row][vc_column width=&#8221;1\/3&#8243;]<div class=\"iconbox aligncenter  vc_custom_1654173584432\">\n\t<div class=\"box-header\">\n\t\t<div class=\"box-icon\"><img decoding=\"async\" src=\"https:\/\/www.bianchifinance-societarl.com\/wp-content\/uploads\/2022\/05\/All-on-6-implantology.png\" alt=\"Implantologia ``All on 4`` a Soli 3500 \u20ac\" \/><\/div>\n\t\t<h6 class=\"box-title\">Implantologia ``All on 4`` a Soli 3500 \u20ac<\/h6>\n\t<\/div>\n\t<div class=\"box-content\">\n\t\t<div class=\"box-detail\">\n\t\t\t<p><strong>Implantologia &#8220;All on 4&#8221;<\/strong> conviene: un\u2019intera arcata dentale fissata su quattro impianti. &#8220;All on 4&#8221; \u00e8 una protesi dentale fissa con <strong>14 corone in zirconio, a soli 3500 \u20ac&#8221;<\/strong><\/p>\n<p style=\"text-align: right\"><a href=\"https:\/\/www.bianchifinance-societarl.com\/index.php\/contatto\/?lang=it\">Richiedi un Preventivo&#8230;<\/a><\/p>\n<p>\n\n\t\t\t\n\t\t<\/div>\n\t<\/div>\n<\/div>[vc_empty_space height=&#8221;30px&#8221;][\/vc_column][\/vc_row][vc_row][vc_column][vc_empty_space height=&#8221;70px&#8221;][vc_custom_heading text=&#8221;Prezzo Corone Dentali&#8221; font_container=&#8221;tag:h3|text_align:left&#8221; use_theme_fonts=&#8221;yes&#8221;][vc_empty_space height=&#8221;30px&#8221;][\/vc_column][\/vc_row][vc_row][vc_column width=&#8221;1\/3&#8243;]<div class=\"iconbox aligncenter  vc_custom_1654173887242\">\n\t<div class=\"box-header\">\n\t\t<div class=\"box-icon\"><img decoding=\"async\" src=\"https:\/\/www.bianchifinance-societarl.com\/wp-content\/uploads\/2022\/04\/1-2.png\" alt=\"Metallo - Porcellana 100\u20ac\" \/><\/div>\n\t\t<h5 class=\"box-title\">Metallo - Porcellana 100\u20ac<\/h5>\n\t<\/div>\n\t<div class=\"box-content\">\n\t\t<div class=\"box-detail\">\n\t\t\t<\/p>\n<p style=\"text-align: left\"><strong>Le corone in porcellana fusa su metallo<\/strong> (PFM) sono un altro tipo di corona dentale ampiamente utilizzato. Forniscono sia resistenza (grazie alla loro struttura metallica) che estetica.<\/p>\n<p style=\"text-align: right\"><a href=\"https:\/\/www.bianchifinance-societarl.com\/index.php\/contatto\/?lang=it\">Richiedi un Preventivo&#8230;<\/a><\/p>\n<p>\n\n\t\t\t\n\t\t<\/div>\n\t<\/div>\n<\/div>[vc_empty_space height=&#8221;30px&#8221;][\/vc_column][vc_column width=&#8221;1\/3&#8243;]<div class=\"iconbox aligncenter  vc_custom_1654173863778\">\n\t<div class=\"box-header\">\n\t\t<div class=\"box-icon\"><img decoding=\"async\" src=\"https:\/\/www.bianchifinance-societarl.com\/wp-content\/uploads\/2022\/04\/2-2.png\" alt=\"Le Corone in Zirconio 200 - 250\u20ac\" \/><\/div>\n\t\t<h5 class=\"box-title\">Le Corone in Zirconio 200 - 250\u20ac<\/h5>\n\t<\/div>\n\t<div class=\"box-content\">\n\t\t<div class=\"box-detail\">\n\t\t\t<\/p>\n<p style=\"text-align: left\"><strong>Le Corone in Zirconio<\/strong> pieno sono restauri che coprono la parte esterna fino al livello gengivale. Pu\u00f2 essere utilizzato per ripristinare un dente danneggiato.<\/p>\n<p style=\"text-align: right\"><a href=\"https:\/\/www.bianchifinance-societarl.com\/index.php\/contatto\/?lang=it\">Richiedi un Preventivo&#8230;<\/a><\/p>\n<p>\n\n\t\t\t\n\t\t<\/div>\n\t<\/div>\n<\/div>[vc_empty_space height=&#8221;30px&#8221;][\/vc_column][vc_column width=&#8221;1\/3&#8243;]<div class=\"iconbox aligncenter  vc_custom_1654173745636\">\n\t<div class=\"box-header\">\n\t\t<div class=\"box-icon\"><img decoding=\"async\" src=\"https:\/\/www.bianchifinance-societarl.com\/wp-content\/uploads\/2022\/04\/All-on-6-implantology-4.png\" alt=\"La Corona E-Max 300\u20ac\" \/><\/div>\n\t\t<h5 class=\"box-title\">La Corona E-Max 300\u20ac<\/h5>\n\t<\/div>\n\t<div class=\"box-content\">\n\t\t<div class=\"box-detail\">\n\t\t\t<\/p>\n<p style=\"text-align: left\"><strong>\u00a0La Corona E-Max<\/strong> \u00e8 il tipo di corona pi\u00f9 recente e costosa. \u00c8 preferita alle corone in zirconio perch\u00e9 \u00e8 pi\u00f9 estetica, resistente e durevole.&#8221;<\/p>\n<p style=\"text-align: right\"><a href=\"https:\/\/www.bianchifinance-societarl.com\/index.php\/contatto\/?lang=it\">Richiedi un Preventivo&#8230;<\/a><\/p>\n<p>\n\n\t\t\t\n\t\t<\/div>\n\t<\/div>\n<\/div>[vc_empty_space height=&#8221;30px&#8221;][\/vc_column][\/vc_row][vc_row][vc_column width=&#8221;1\/3&#8243;]<div class=\"iconbox aligncenter  vc_custom_1650538898758\">\n\t<div class=\"box-header\">\n\t\t<div class=\"box-icon\"><img decoding=\"async\" src=\"https:\/\/www.bianchifinance-societarl.com\/wp-content\/uploads\/2022\/04\/3-2.png\" alt=\"Veneers 250 \u20ac\" \/><\/div>\n\t\t<h5 class=\"box-title\">Veneers 250 \u20ac<\/h5>\n\t<\/div>\n\t<div class=\"box-content\">\n\t\t<div class=\"box-detail\">\n\t\t\t<\/p>\n<p style=\"text-align: left\">Le <strong>Faccette Estetiche<\/strong> sono sottili fogli di ceramica o resine composite che correggono alcuni difetti dentali come rotture, scheggiature, macchie o storti.<\/p>\n<p style=\"text-align: right\"><a href=\"https:\/\/www.bianchifinance-societarl.com\/index.php\/contatto\/?lang=it\">Richiedi un Preventivo&#8230;<\/a><\/p>\n<p>\n\n\t\t\t\n\t\t<\/div>\n\t<\/div>\n<\/div>[vc_empty_space height=&#8221;30px&#8221;][\/vc_column][vc_column width=&#8221;1\/3&#8243;][\/vc_column][vc_column width=&#8221;1\/3&#8243;][\/vc_column][\/vc_row][vc_row][vc_column width=&#8221;1\/6&#8243;][\/vc_column][vc_column width=&#8221;2\/3&#8243;][vc_empty_space height=&#8221;70px&#8221;]<div class=\"wpcf7 no-js\" id=\"wpcf7-f1654-o1\" lang=\"en-US\" dir=\"ltr\">\n<div class=\"screen-reader-response\"><p role=\"status\" aria-live=\"polite\" aria-atomic=\"true\"><\/p> <ul><\/ul><\/div>\n<form action=\"\/index.php\/wp-json\/wp\/v2\/pages\/2811#wpcf7-f1654-o1\" method=\"post\" class=\"wpcf7-form init\" aria-label=\"Contact form\" novalidate=\"novalidate\" data-status=\"init\">\n<div style=\"display: none;\">\n<input type=\"hidden\" name=\"_wpcf7\" value=\"1654\" \/>\n<input type=\"hidden\" name=\"_wpcf7_version\" value=\"5.7.2\" \/>\n<input type=\"hidden\" name=\"_wpcf7_locale\" value=\"en_US\" \/>\n<input type=\"hidden\" name=\"_wpcf7_unit_tag\" value=\"wpcf7-f1654-o1\" \/>\n<input type=\"hidden\" name=\"_wpcf7_container_post\" value=\"0\" \/>\n<input type=\"hidden\" name=\"_wpcf7_posted_data_hash\" value=\"\" \/>\n<\/div>\n<div class=\"form-request-callback\">\n\t<h4 class=\"form-title\">Leave your contacts and we will call you.\n\t<\/h4>\n\t<div class=\"row\">\n\t\t<div class=\"columns columns-12\">\n\t\t\t<p><span class=\"wpcf7-form-control-wrap\" data-name=\"text-252\"><input size=\"40\" class=\"wpcf7-form-control wpcf7-text wpcf7-validates-as-required\" aria-required=\"true\" aria-invalid=\"false\" placeholder=\"Your Name\" value=\"\" type=\"text\" name=\"text-252\" \/><\/span>\n\t\t\t<\/p>\n\t\t<\/div>\n\t<\/div>\n\t<div class=\"row\">\n\t\t<div class=\"columns columns-12\">\n\t\t\t<p><span class=\"wpcf7-form-control-wrap\" data-name=\"tel-781\"><input size=\"40\" class=\"wpcf7-form-control wpcf7-text wpcf7-tel wpcf7-validates-as-required wpcf7-validates-as-tel\" aria-required=\"true\" aria-invalid=\"false\" placeholder=\"Your Phone Number eg: 012 345 6789\" value=\"\" type=\"tel\" name=\"tel-781\" \/><\/span>\n\t\t\t<\/p>\n\t\t<\/div>\n\t<\/div>\n\t<div class=\"row\">\n\t\t<div class=\"columns columns-12\">\n\t\t\t<p><small>Just submit your details and we\u2019ll be in touch shortly.<\/small>\n\t\t\t<\/p>\n\t\t<\/div>\n\t<\/div>\n\t<div class=\"row\">\n\t\t<div class=\"columns columns-6\">\n\t\t\t<p><input class=\"wpcf7-form-control has-spinner wpcf7-submit\" type=\"submit\" value=\"Request\" \/>\n\t\t\t<\/p>\n\t\t<\/div>\n\t<\/div>\n<\/div><p style=\"display: none !important;\" class=\"akismet-fields-container\" data-prefix=\"_wpcf7_ak_\"><label>&#916;<textarea name=\"_wpcf7_ak_hp_textarea\" cols=\"45\" rows=\"8\" maxlength=\"100\"><\/textarea><\/label><input type=\"hidden\" id=\"ak_js_1\" name=\"_wpcf7_ak_js\" value=\"43\"\/><script>document.getElementById( \"ak_js_1\" ).setAttribute( \"value\", ( new Date() ).getTime() );<\/script><\/p><div class=\"wpcf7-response-output\" aria-hidden=\"true\"><\/div><\/form><\/div>[\/vc_column][vc_column width=&#8221;1\/6&#8243;][\/vc_column][\/vc_row]<\/p>\n","protected":false},"excerpt":{"rendered":"<p>[vc_row css=&#8221;.vc_custom_1510561695682{margin-right: 0px !important;margin-bottom: 50px !important;margin-left: 0px !important;padding-top: 100px !important;padding-bottom: 100px !important;background-image: url(http:\/\/www.bianchifinance-societarl.com\/wp-content\/uploads\/\/2017\/09\/promotion-performance-review-ringsidetalent.jpg?id=95) !important;background-position: center !important;background-repeat: no-repeat !important;background-size: cover !important;}&#8221;][vc_column width=&#8221;1\/6&#8243;][\/vc_column][vc_column width=&#8221;2\/3&#8243;][vc_custom_heading text=&#8221;Vinciamo quando Sorridi.&#8221; font_container=&#8221;tag:h2|font_size:48px|text_align:center|color:%23dd3333&#8243; use_theme_fonts=&#8221;yes&#8221; css=&#8221;.vc_custom_1650466094369{padding-top: 30px !important;padding-right: 30px !important;padding-bottom: 30px !important;padding-left: 30px !important;background-color: rgba(255,255,255,0.88) !important;*background-color: rgb(255,255,255) !important;}&#8221; el_class=&#8221;shadow&#8221;][\/vc_column][vc_column width=&#8221;1\/6&#8243;][\/vc_column][\/vc_row][vc_row][vc_column width=&#8221;2\/3&#8243;][vc_custom_heading text=&#8221;Dai un&#8217;occhiata al nostro listino!&#8221; font_container=&#8221;tag:h3|text_align:left&#8221; use_theme_fonts=&#8221;yes&#8221;][vc_empty_space height=&#8221;30px&#8221;][vc_column_text]Supponiamo di pensare di sostituire [&hellip;]<\/p>\n","protected":false},"author":1,"featured_media":0,"parent":0,"menu_order":0,"comment_status":"closed","ping_status":"closed","template":"","meta":{"footnotes":""},"class_list":["post-2811","page","type-page","status-publish","hentry"],"acf":[],"yoast_head":"<!-- This site is optimized with the Yoast SEO plugin v19.9 - https:\/\/yoast.com\/wordpress\/plugins\/seo\/ -->\n<title>ImplantSwiss Albania - Turismo Dentale Albania - Impianti Dentali | Corona Dentale<\/title>\n<meta name=\"description\" content=\"ImplantSwiss Albania is a modern dental clinic specializing in advanced diagnostics and treating dental and oral disorders. It is also one of the most reliable brands in the dental sector with its innovative solutions, unique surface design, and high-quality implants. We offer comprehensive services from all fields of dentistry. In addition to high-end dental equipment, all services are provided in a comfortable and luxurious environment. New patients are welcomed with a complimentary oral health consultation.\" \/>\n<meta name=\"robots\" content=\"index, follow, max-snippet:-1, max-image-preview:large, max-video-preview:-1\" \/>\n<link rel=\"canonical\" href=\"https:\/\/www.bianchifinance-societarl.com\/index.php\/prezzi\/\" \/>\n<meta property=\"og:locale\" content=\"en_US\" \/>\n<meta property=\"og:type\" content=\"article\" \/>\n<meta property=\"og:title\" content=\"ImplantSwiss Albania - Turismo Dentale Albania - Impianti Dentali | Corona Dentale\" \/>\n<meta property=\"og:description\" content=\"ImplantSwiss Albania is a modern dental clinic specializing in advanced diagnostics and treating dental and oral disorders. It is also one of the most reliable brands in the dental sector with its innovative solutions, unique surface design, and high-quality implants. We offer comprehensive services from all fields of dentistry. In addition to high-end dental equipment, all services are provided in a comfortable and luxurious environment. New patients are welcomed with a complimentary oral health consultation.\" \/>\n<meta property=\"og:url\" content=\"https:\/\/www.bianchifinance-societarl.com\/index.php\/prezzi\/?lang=it\" \/>\n<meta property=\"og:site_name\" content=\"ImplantSwiss Albania\" \/>\n<meta property=\"article:publisher\" content=\"https:\/\/www.facebook.com\/implantswissalbania\" \/>\n<meta property=\"article:modified_time\" content=\"2022-06-06T07:55:17+00:00\" \/>\n<meta name=\"twitter:card\" content=\"summary_large_image\" \/>\n<meta name=\"twitter:label1\" content=\"Est. reading time\" \/>\n\t<meta name=\"twitter:data1\" content=\"4 minutes\" \/>\n<script type=\"application\/ld+json\" class=\"yoast-schema-graph\">{\"@context\":\"https:\/\/schema.org\",\"@graph\":[{\"@type\":\"WebPage\",\"@id\":\"https:\/\/www.bianchifinance-societarl.com\/index.php\/prezzi\/?lang=it\",\"url\":\"https:\/\/www.bianchifinance-societarl.com\/index.php\/prezzi\/?lang=it\",\"name\":\"ImplantSwiss Albania - Turismo Dentale Albania - Impianti Dentali | Corona Dentale\",\"isPartOf\":{\"@id\":\"https:\/\/www.bianchifinance-societarl.com\/#website\"},\"datePublished\":\"2022-05-23T10:33:51+00:00\",\"dateModified\":\"2022-06-06T07:55:17+00:00\",\"description\":\"ImplantSwiss Albania is a modern dental clinic specializing in advanced diagnostics and treating dental and oral disorders. It is also one of the most reliable brands in the dental sector with its innovative solutions, unique surface design, and high-quality implants. We offer comprehensive services from all fields of dentistry. In addition to high-end dental equipment, all services are provided in a comfortable and luxurious environment. New patients are welcomed with a complimentary oral health consultation.\",\"breadcrumb\":{\"@id\":\"https:\/\/www.bianchifinance-societarl.com\/index.php\/prezzi\/?lang=it#breadcrumb\"},\"inLanguage\":\"en-US\",\"potentialAction\":[{\"@type\":\"ReadAction\",\"target\":[\"https:\/\/www.bianchifinance-societarl.com\/index.php\/prezzi\/?lang=it\"]}]},{\"@type\":\"BreadcrumbList\",\"@id\":\"https:\/\/www.bianchifinance-societarl.com\/index.php\/prezzi\/?lang=it#breadcrumb\",\"itemListElement\":[{\"@type\":\"ListItem\",\"position\":1,\"name\":\"Home\",\"item\":\"https:\/\/www.bianchifinance-societarl.com\/\"},{\"@type\":\"ListItem\",\"position\":2,\"name\":\"Prezzi\"}]},{\"@type\":\"WebSite\",\"@id\":\"https:\/\/www.bianchifinance-societarl.com\/#website\",\"url\":\"https:\/\/www.bianchifinance-societarl.com\/\",\"name\":\"ImplantSwiss Albania\",\"description\":\"Turismo Dentale Albania - Impianti Dentali | Corona Dentale\",\"publisher\":{\"@id\":\"https:\/\/www.bianchifinance-societarl.com\/#organization\"},\"potentialAction\":[{\"@type\":\"SearchAction\",\"target\":{\"@type\":\"EntryPoint\",\"urlTemplate\":\"https:\/\/www.bianchifinance-societarl.com\/?s={search_term_string}\"},\"query-input\":\"required name=search_term_string\"}],\"inLanguage\":\"en-US\"},{\"@type\":\"Organization\",\"@id\":\"https:\/\/www.bianchifinance-societarl.com\/#organization\",\"name\":\"ImplantSwiss Albania\",\"url\":\"https:\/\/www.bianchifinance-societarl.com\/\",\"logo\":{\"@type\":\"ImageObject\",\"inLanguage\":\"en-US\",\"@id\":\"https:\/\/www.bianchifinance-societarl.com\/#\/schema\/logo\/image\/\",\"url\":\"http:\/\/www.bianchifinance-societarl.com\/wp-content\/uploads\/2022\/04\/ISA-Logo.png\",\"contentUrl\":\"http:\/\/www.bianchifinance-societarl.com\/wp-content\/uploads\/2022\/04\/ISA-Logo.png\",\"width\":600,\"height\":300,\"caption\":\"ImplantSwiss Albania\"},\"image\":{\"@id\":\"https:\/\/www.bianchifinance-societarl.com\/#\/schema\/logo\/image\/\"},\"sameAs\":[\"https:\/\/www.instagram.com\/implantswissalbania\/\",\"https:\/\/www.facebook.com\/implantswissalbania\"]}]}<\/script>\n<!-- \/ Yoast SEO plugin. -->","yoast_head_json":{"title":"ImplantSwiss Albania - Turismo Dentale Albania - Impianti Dentali | Corona Dentale","description":"ImplantSwiss Albania is a modern dental clinic specializing in advanced diagnostics and treating dental and oral disorders. It is also one of the most reliable brands in the dental sector with its innovative solutions, unique surface design, and high-quality implants. We offer comprehensive services from all fields of dentistry. In addition to high-end dental equipment, all services are provided in a comfortable and luxurious environment. New patients are welcomed with a complimentary oral health consultation.","robots":{"index":"index","follow":"follow","max-snippet":"max-snippet:-1","max-image-preview":"max-image-preview:large","max-video-preview":"max-video-preview:-1"},"canonical":"https:\/\/www.bianchifinance-societarl.com\/index.php\/prezzi\/","og_locale":"en_US","og_type":"article","og_title":"ImplantSwiss Albania - Turismo Dentale Albania - Impianti Dentali | Corona Dentale","og_description":"ImplantSwiss Albania is a modern dental clinic specializing in advanced diagnostics and treating dental and oral disorders. It is also one of the most reliable brands in the dental sector with its innovative solutions, unique surface design, and high-quality implants. We offer comprehensive services from all fields of dentistry. In addition to high-end dental equipment, all services are provided in a comfortable and luxurious environment. New patients are welcomed with a complimentary oral health consultation.","og_url":"https:\/\/www.bianchifinance-societarl.com\/index.php\/prezzi\/?lang=it","og_site_name":"ImplantSwiss Albania","article_publisher":"https:\/\/www.facebook.com\/implantswissalbania","article_modified_time":"2022-06-06T07:55:17+00:00","twitter_card":"summary_large_image","twitter_misc":{"Est. reading time":"4 minutes"},"schema":{"@context":"https:\/\/schema.org","@graph":[{"@type":"WebPage","@id":"https:\/\/www.bianchifinance-societarl.com\/index.php\/prezzi\/?lang=it","url":"https:\/\/www.bianchifinance-societarl.com\/index.php\/prezzi\/?lang=it","name":"ImplantSwiss Albania - Turismo Dentale Albania - Impianti Dentali | Corona Dentale","isPartOf":{"@id":"https:\/\/www.bianchifinance-societarl.com\/#website"},"datePublished":"2022-05-23T10:33:51+00:00","dateModified":"2022-06-06T07:55:17+00:00","description":"ImplantSwiss Albania is a modern dental clinic specializing in advanced diagnostics and treating dental and oral disorders. It is also one of the most reliable brands in the dental sector with its innovative solutions, unique surface design, and high-quality implants. We offer comprehensive services from all fields of dentistry. In addition to high-end dental equipment, all services are provided in a comfortable and luxurious environment. New patients are welcomed with a complimentary oral health consultation.","breadcrumb":{"@id":"https:\/\/www.bianchifinance-societarl.com\/index.php\/prezzi\/?lang=it#breadcrumb"},"inLanguage":"en-US","potentialAction":[{"@type":"ReadAction","target":["https:\/\/www.bianchifinance-societarl.com\/index.php\/prezzi\/?lang=it"]}]},{"@type":"BreadcrumbList","@id":"https:\/\/www.bianchifinance-societarl.com\/index.php\/prezzi\/?lang=it#breadcrumb","itemListElement":[{"@type":"ListItem","position":1,"name":"Home","item":"https:\/\/www.bianchifinance-societarl.com\/"},{"@type":"ListItem","position":2,"name":"Prezzi"}]},{"@type":"WebSite","@id":"https:\/\/www.bianchifinance-societarl.com\/#website","url":"https:\/\/www.bianchifinance-societarl.com\/","name":"ImplantSwiss Albania","description":"Turismo Dentale Albania - Impianti Dentali | Corona Dentale","publisher":{"@id":"https:\/\/www.bianchifinance-societarl.com\/#organization"},"potentialAction":[{"@type":"SearchAction","target":{"@type":"EntryPoint","urlTemplate":"https:\/\/www.bianchifinance-societarl.com\/?s={search_term_string}"},"query-input":"required name=search_term_string"}],"inLanguage":"en-US"},{"@type":"Organization","@id":"https:\/\/www.bianchifinance-societarl.com\/#organization","name":"ImplantSwiss Albania","url":"https:\/\/www.bianchifinance-societarl.com\/","logo":{"@type":"ImageObject","inLanguage":"en-US","@id":"https:\/\/www.bianchifinance-societarl.com\/#\/schema\/logo\/image\/","url":"http:\/\/www.bianchifinance-societarl.com\/wp-content\/uploads\/2022\/04\/ISA-Logo.png","contentUrl":"http:\/\/www.bianchifinance-societarl.com\/wp-content\/uploads\/2022\/04\/ISA-Logo.png","width":600,"height":300,"caption":"ImplantSwiss Albania"},"image":{"@id":"https:\/\/www.bianchifinance-societarl.com\/#\/schema\/logo\/image\/"},"sameAs":["https:\/\/www.instagram.com\/implantswissalbania\/","https:\/\/www.facebook.com\/implantswissalbania"]}]}},"_links":{"self":[{"href":"https:\/\/www.bianchifinance-societarl.com\/index.php\/wp-json\/wp\/v2\/pages\/2811","targetHints":{"allow":["GET"]}}],"collection":[{"href":"https:\/\/www.bianchifinance-societarl.com\/index.php\/wp-json\/wp\/v2\/pages"}],"about":[{"href":"https:\/\/www.bianchifinance-societarl.com\/index.php\/wp-json\/wp\/v2\/types\/page"}],"author":[{"embeddable":true,"href":"https:\/\/www.bianchifinance-societarl.com\/index.php\/wp-json\/wp\/v2\/users\/1"}],"replies":[{"embeddable":true,"href":"https:\/\/www.bianchifinance-societarl.com\/index.php\/wp-json\/wp\/v2\/comments?post=2811"}],"version-history":[{"count":15,"href":"https:\/\/www.bianchifinance-societarl.com\/index.php\/wp-json\/wp\/v2\/pages\/2811\/revisions"}],"predecessor-version":[{"id":2914,"href":"https:\/\/www.bianchifinance-societarl.com\/index.php\/wp-json\/wp\/v2\/pages\/2811\/revisions\/2914"}],"wp:attachment":[{"href":"https:\/\/www.bianchifinance-societarl.com\/index.php\/wp-json\/wp\/v2\/media?parent=2811"}],"curies":[{"name":"wp","href":"https:\/\/api.w.org\/{rel}","templated":true}]}}