{"id":2732,"date":"2022-05-13T15:56:06","date_gmt":"2022-05-13T15:56:06","guid":{"rendered":"https:\/\/www.bianchifinance-societarl.com\/index.php\/i-nostri-servizi\/corone-dentali\/"},"modified":"2022-06-02T13:34:37","modified_gmt":"2022-06-02T13:34:37","slug":"corone-dentali","status":"publish","type":"page","link":"https:\/\/www.bianchifinance-societarl.com\/index.php\/i-nostri-servizi\/corone-dentali\/?lang=it","title":{"rendered":"Corone Dentali"},"content":{"rendered":"<p>[vc_row][vc_column][vc_single_image image=&#8221;2636&#8243; img_size=&#8221;1280&#215;600&#8243;][vc_empty_space height=&#8221;30px&#8221;][vc_column_text]<\/p>\n<h3 class=\"vc_custom_heading\">Scopri perch\u00e9 siamo i migliori per le Corone Dentali in Albania.<\/h3>\n<p>&nbsp;<\/p>\n<p>La corona dentale \u00e8 una soluzione perfetta, che d\u00e0 ottimi risultati estetici e protegge il dente da varie infezioni, lo rende pi\u00f9 resistente ed evita la frattura, e migliora la funzione masticatoria.<\/p>\n<p>Innanzitutto, il dente viene preparato per l&#8217;applicazione della corona, adattato alla sua forma. Prima di essere incapsulato, il dente deve essere devitalizzato per evitare fastidio o dolore; poi, sar\u00e0 levigato, rimuovendo parte del suo smalto. Infine, viene ricostruito con un perno endocrino e riempie fino allo spessore giusto per facilitare l&#8217;inserimento dell&#8217;incapsulamento della corona.<\/p>\n<p>Si prende poi l&#8217;impronta e si fa la corona artificiale; mentre i nostri tecnici in laboratorio completano il picco finale, viene applicata una corona provvisoria.<\/p>\n<p>L&#8217;ultimo passaggio del processo consiste nell&#8217;applicare la corona finale perfettamente aderente alla base del dente, che verr\u00e0 cementata al dente (o impianto) sottostante con un materiale adesivo unico.<\/p>\n<p>La corona singola viene applicata anche all&#8217;impianto. L&#8217;impianto funziona come una nuova radice artificiale per la corona che sostituisce il dente mancante.<\/p>\n<p>Le corone in ImplantSwiss Albania sono realizzate rispettando la forma e il colore naturali dei denti, migliorando l&#8217;estetica del sorriso.[\/vc_column_text][vc_empty_space height=&#8221;40px&#8221;][\/vc_column][\/vc_row][vc_row][vc_column][vc_separator color=&#8221;custom&#8221; accent_color=&#8221;rgba(2,6,32,0.1)&#8221;][vc_empty_space height=&#8221;50px&#8221;][vc_custom_heading text=&#8221;Tipi di corone dentali&#8221; font_container=&#8221;tag:h4|text_align:left|color:%235f9ea0&#8243; use_theme_fonts=&#8221;yes&#8221;][vc_empty_space][\/vc_column][\/vc_row][vc_row][vc_column width=&#8221;1\/5&#8243;][vc_column_text]Corone interamente in ceramica (Imperatrice, Emax)[\/vc_column_text][vc_empty_space][\/vc_column][vc_column width=&#8221;1\/5&#8243;][vc_column_text]Corona Dentale in Zirconio-Ceramica[\/vc_column_text][vc_empty_space][\/vc_column][vc_column width=&#8221;1\/5&#8243;][vc_column_text]Corona Dentale in Metallo-Ceramica[\/vc_column_text][vc_empty_space][\/vc_column][vc_column width=&#8221;1\/5&#8243;][vc_column_text]Corona Dentale in Resina Metallica[\/vc_column_text][vc_empty_space][\/vc_column][vc_column width=&#8221;1\/5&#8243;][vc_column_text]Corona Dentale interamente in metallo[\/vc_column_text][vc_empty_space][\/vc_column][\/vc_row][vc_row][vc_column width=&#8221;1\/5&#8243;][vc_single_image image=&#8221;2643&#8243; img_size=&#8221;200&#215;200&#8243;][vc_empty_space][\/vc_column][vc_column width=&#8221;1\/5&#8243;][vc_single_image image=&#8221;2647&#8243; img_size=&#8221;200&#215;200&#8243;][vc_empty_space][\/vc_column][vc_column width=&#8221;1\/5&#8243;][vc_single_image image=&#8221;2646&#8243; img_size=&#8221;200&#215;200&#8243;][vc_empty_space][\/vc_column][vc_column width=&#8221;1\/5&#8243;][vc_single_image image=&#8221;2645&#8243; img_size=&#8221;200&#215;200&#8243;][vc_empty_space][\/vc_column][vc_column width=&#8221;1\/5&#8243;][vc_single_image image=&#8221;2644&#8243; img_size=&#8221;200&#215;200&#8243;][vc_empty_space][\/vc_column][\/vc_row][vc_row][vc_column][vc_separator color=&#8221;custom&#8221; accent_color=&#8221;rgba(2,6,32,0.1)&#8221;][vc_empty_space height=&#8221;50px&#8221;][\/vc_column][\/vc_row][vc_row][vc_column width=&#8221;1\/4&#8243;][vc_custom_heading text=&#8221;Creiamo Bei Sorrisi&#8221; font_container=&#8221;tag:h3|text_align:left&#8221; use_theme_fonts=&#8221;yes&#8221;][vc_empty_space height=&#8221;20px&#8221;][vc_custom_heading text=&#8221;Compila il form sottostante per un preventivo gratuito!&#8221; font_container=&#8221;tag:h5|text_align:left&#8221; use_theme_fonts=&#8221;yes&#8221;][\/vc_column][vc_column width=&#8221;3\/4&#8243;]<div class=\"wpcf7 no-js\" id=\"wpcf7-f2879-o1\" lang=\"en-US\" dir=\"ltr\">\n<div class=\"screen-reader-response\"><p role=\"status\" aria-live=\"polite\" aria-atomic=\"true\"><\/p> <ul><\/ul><\/div>\n<form action=\"\/index.php\/wp-json\/wp\/v2\/pages\/2732#wpcf7-f2879-o1\" method=\"post\" class=\"wpcf7-form init\" aria-label=\"Contact form\" enctype=\"multipart\/form-data\" novalidate=\"novalidate\" data-status=\"init\">\n<div style=\"display: none;\">\n<input type=\"hidden\" name=\"_wpcf7\" value=\"2879\" \/>\n<input type=\"hidden\" name=\"_wpcf7_version\" value=\"5.7.2\" \/>\n<input type=\"hidden\" name=\"_wpcf7_locale\" value=\"en_US\" \/>\n<input type=\"hidden\" name=\"_wpcf7_unit_tag\" value=\"wpcf7-f2879-o1\" \/>\n<input type=\"hidden\" name=\"_wpcf7_container_post\" value=\"0\" \/>\n<input type=\"hidden\" name=\"_wpcf7_posted_data_hash\" value=\"\" \/>\n<\/div>\n<div class=\"form-request\">\n\t<div class=\"row\">\n\t\t<div class=\"columns columns-6\">\n\t\t\t<p><span class=\"wpcf7-form-control-wrap\" data-name=\"text-134\"><input size=\"40\" class=\"wpcf7-form-control wpcf7-text\" aria-invalid=\"false\" placeholder=\"Nome\" value=\"\" type=\"text\" name=\"text-134\" \/><\/span>\n\t\t\t<\/p>\n\t\t<\/div>\n\t\t<div class=\"columns columns-6\">\n\t\t\t<p><span class=\"wpcf7-form-control-wrap\" data-name=\"text-132\"><input size=\"40\" class=\"wpcf7-form-control wpcf7-text\" aria-invalid=\"false\" placeholder=\"Cognome\" value=\"\" type=\"text\" name=\"text-132\" \/><\/span>\n\t\t\t<\/p>\n\t\t<\/div>\n\t<\/div>\n\t<div class=\"row\">\n\t\t<div class=\"columns columns-6\">\n\t\t\t<p><span class=\"wpcf7-form-control-wrap\" data-name=\"email-452\"><input size=\"40\" class=\"wpcf7-form-control wpcf7-text wpcf7-email wpcf7-validates-as-email\" aria-invalid=\"false\" placeholder=\"La tua email\" value=\"\" type=\"email\" name=\"email-452\" \/><\/span>\n\t\t\t<\/p>\n\t\t<\/div>\n\t\t<div class=\"columns columns-6\">\n\t\t\t<p><span class=\"wpcf7-form-control-wrap\" data-name=\"tel-95\"><input size=\"40\" class=\"wpcf7-form-control wpcf7-text wpcf7-tel wpcf7-validates-as-required wpcf7-validates-as-tel\" aria-required=\"true\" aria-invalid=\"false\" placeholder=\"Il tuo telefono\" value=\"\" type=\"tel\" name=\"tel-95\" \/><\/span>\n\t\t\t<\/p>\n\t\t<\/div>\n\t<\/div>\n\t<div class=\"row\">\n\t\t<div class=\"columns columns-12\">\n\t\t\t<p><span class=\"wpcf7-form-control-wrap\" data-name=\"menu-277\"><select class=\"wpcf7-form-control wpcf7-select\" aria-invalid=\"false\" name=\"menu-277\"><option value=\"Materia\">Materia<\/option><option value=\"Informazione\">Informazione<\/option><option value=\"Richiedi un preventivo\">Richiedi un preventivo<\/option><option value=\"Prenotare un appuntamento\">Prenotare un appuntamento<\/option><\/select><\/span>\n\t\t\t<\/p>\n\t\t<\/div>\n\t<\/div>\n\t<div class=\"row\">\n\t\t<div class=\"columns columns-12\">\n\t\t\t<p><span class=\"wpcf7-form-control-wrap\" data-name=\"textarea-551\"><textarea cols=\"40\" rows=\"10\" class=\"wpcf7-form-control wpcf7-textarea\" aria-invalid=\"false\" placeholder=\"Messaggio\" name=\"textarea-551\"><\/textarea><\/span>\n\t\t\t<\/p>\n\t\t<\/div>\n\t<\/div>\n\t<div class=\"row\">\n\t\t<div class=\"columns columns-12\">\n\t\t\t<p><span class=\"wpcf7-form-control-wrap\" data-name=\"file-391\"><input size=\"40\" class=\"wpcf7-form-control wpcf7-file\" accept=\".pdf,.txt\" aria-invalid=\"false\" type=\"file\" name=\"file-391\" \/><\/span>\n\t\t\t<\/p>\n\t\t<\/div>\n\t<\/div>\n\t<div class=\"row\">\n\t\t<div class=\"columns columns-12\">\n\t\t\t<p><input class=\"wpcf7-form-control has-spinner wpcf7-submit\" type=\"submit\" value=\"Invia\" \/>\n\t\t\t<\/p>\n\t\t<\/div>\n\t<\/div>\n<\/div><p style=\"display: none !important;\" class=\"akismet-fields-container\" data-prefix=\"_wpcf7_ak_\"><label>&#916;<textarea name=\"_wpcf7_ak_hp_textarea\" cols=\"45\" rows=\"8\" maxlength=\"100\"><\/textarea><\/label><input type=\"hidden\" id=\"ak_js_1\" name=\"_wpcf7_ak_js\" value=\"245\"\/><script>document.getElementById( \"ak_js_1\" ).setAttribute( \"value\", ( new Date() ).getTime() );<\/script><\/p><div class=\"wpcf7-response-output\" aria-hidden=\"true\"><\/div><\/form><\/div>[vc_empty_space height=&#8221;30px&#8221;][\/vc_column][\/vc_row][vc_row disable_element=&#8221;yes&#8221;][vc_column][vc_separator color=&#8221;custom&#8221; accent_color=&#8221;rgba(2,6,32,0.1)&#8221;][vc_empty_space height=&#8221;50px&#8221;][\/vc_column][\/vc_row][vc_row disable_element=&#8221;yes&#8221;][vc_column width=&#8221;1\/4&#8243;][vc_custom_heading text=&#8221;Il nostro pensiero&#8221; font_container=&#8221;tag:h3|text_align:left&#8221; use_theme_fonts=&#8221;yes&#8221;][vc_empty_space height=&#8221;20px&#8221;][\/vc_column][vc_column width=&#8221;3\/4&#8243;][vc_empty_space height=&#8221;10px&#8221;][\/vc_column][\/vc_row][vc_row disable_element=&#8221;yes&#8221;][vc_column][vc_separator color=&#8221;custom&#8221; accent_color=&#8221;rgba(2,6,32,0.1)&#8221;][vc_empty_space height=&#8221;50px&#8221;][\/vc_column][\/vc_row][vc_row disable_element=&#8221;yes&#8221;][vc_column width=&#8221;1\/4&#8243;][vc_custom_heading text=&#8221;Results&#8221; font_container=&#8221;tag:h3|text_align:left&#8221; use_theme_fonts=&#8221;yes&#8221;][vc_empty_space height=&#8221;20px&#8221;][\/vc_column][vc_column width=&#8221;3\/4&#8243;][vc_column_text]<\/p>\n<h4 class=\"no-margin-top\">Online Banking System Upgraded<\/h4>\n<p>We helped a leading European bank upgrade their online banking system. The upgraded system provided numerous benefits to customers, including the ability to pay bills online.<\/p>\n<p>Other upgrades included a revamped Electronic Bill Presentment and Payment Service (EBPP) and Safekeeping, Portfolio Management, Payments and Security Trading functions.[\/vc_column_text][\/vc_column][\/vc_row]<\/p>\n","protected":false},"excerpt":{"rendered":"<p>[vc_row][vc_column][vc_single_image image=&#8221;2636&#8243; img_size=&#8221;1280&#215;600&#8243;][vc_empty_space height=&#8221;30px&#8221;][vc_column_text] Scopri perch\u00e9 siamo i migliori per le Corone Dentali in Albania. &nbsp; La corona dentale \u00e8 una soluzione perfetta, che d\u00e0 ottimi risultati estetici e protegge il dente da varie infezioni, lo rende pi\u00f9 resistente ed evita la frattura, e migliora la funzione masticatoria. Innanzitutto, il dente viene preparato per l&#8217;applicazione [&hellip;]<\/p>\n","protected":false},"author":1,"featured_media":0,"parent":2702,"menu_order":0,"comment_status":"closed","ping_status":"closed","template":"","meta":{"footnotes":""},"class_list":["post-2732","page","type-page","status-publish","hentry"],"acf":[],"yoast_head":"<!-- This site is optimized with the Yoast SEO plugin v19.9 - https:\/\/yoast.com\/wordpress\/plugins\/seo\/ -->\n<title>ImplantSwiss Albania - Turismo Dentale Albania - Impianti Dentali | Corona Dentale<\/title>\n<meta name=\"description\" content=\"ImplantSwiss Albania is a modern dental clinic specializing in advanced diagnostics and treating dental and oral disorders. It is also one of the most reliable brands in the dental sector with its innovative solutions, unique surface design, and high-quality implants. We offer comprehensive services from all fields of dentistry. In addition to high-end dental equipment, all services are provided in a comfortable and luxurious environment. New patients are welcomed with a complimentary oral health consultation.\" \/>\n<meta name=\"robots\" content=\"index, follow, max-snippet:-1, max-image-preview:large, max-video-preview:-1\" \/>\n<link rel=\"canonical\" href=\"https:\/\/www.bianchifinance-societarl.com\/index.php\/i-nostri-servizi\/corone-dentali\/\" \/>\n<meta property=\"og:locale\" content=\"en_US\" \/>\n<meta property=\"og:type\" content=\"article\" \/>\n<meta property=\"og:title\" content=\"ImplantSwiss Albania - Turismo Dentale Albania - Impianti Dentali | Corona Dentale\" \/>\n<meta property=\"og:description\" content=\"ImplantSwiss Albania is a modern dental clinic specializing in advanced diagnostics and treating dental and oral disorders. It is also one of the most reliable brands in the dental sector with its innovative solutions, unique surface design, and high-quality implants. We offer comprehensive services from all fields of dentistry. In addition to high-end dental equipment, all services are provided in a comfortable and luxurious environment. New patients are welcomed with a complimentary oral health consultation.\" \/>\n<meta property=\"og:url\" content=\"https:\/\/www.bianchifinance-societarl.com\/index.php\/i-nostri-servizi\/corone-dentali\/?lang=it\" \/>\n<meta property=\"og:site_name\" content=\"ImplantSwiss Albania\" \/>\n<meta property=\"article:publisher\" content=\"https:\/\/www.facebook.com\/implantswissalbania\" \/>\n<meta property=\"article:modified_time\" content=\"2022-06-02T13:34:37+00:00\" \/>\n<meta name=\"twitter:card\" content=\"summary_large_image\" \/>\n<meta name=\"twitter:label1\" content=\"Est. reading time\" \/>\n\t<meta name=\"twitter:data1\" content=\"4 minutes\" \/>\n<script type=\"application\/ld+json\" class=\"yoast-schema-graph\">{\"@context\":\"https:\/\/schema.org\",\"@graph\":[{\"@type\":\"WebPage\",\"@id\":\"https:\/\/www.bianchifinance-societarl.com\/index.php\/i-nostri-servizi\/corone-dentali\/?lang=it\",\"url\":\"https:\/\/www.bianchifinance-societarl.com\/index.php\/i-nostri-servizi\/corone-dentali\/?lang=it\",\"name\":\"ImplantSwiss Albania - Turismo Dentale Albania - Impianti Dentali | Corona Dentale\",\"isPartOf\":{\"@id\":\"https:\/\/www.bianchifinance-societarl.com\/#website\"},\"datePublished\":\"2022-05-13T15:56:06+00:00\",\"dateModified\":\"2022-06-02T13:34:37+00:00\",\"description\":\"ImplantSwiss Albania is a modern dental clinic specializing in advanced diagnostics and treating dental and oral disorders. It is also one of the most reliable brands in the dental sector with its innovative solutions, unique surface design, and high-quality implants. We offer comprehensive services from all fields of dentistry. In addition to high-end dental equipment, all services are provided in a comfortable and luxurious environment. New patients are welcomed with a complimentary oral health consultation.\",\"breadcrumb\":{\"@id\":\"https:\/\/www.bianchifinance-societarl.com\/index.php\/i-nostri-servizi\/corone-dentali\/?lang=it#breadcrumb\"},\"inLanguage\":\"en-US\",\"potentialAction\":[{\"@type\":\"ReadAction\",\"target\":[\"https:\/\/www.bianchifinance-societarl.com\/index.php\/i-nostri-servizi\/corone-dentali\/?lang=it\"]}]},{\"@type\":\"BreadcrumbList\",\"@id\":\"https:\/\/www.bianchifinance-societarl.com\/index.php\/i-nostri-servizi\/corone-dentali\/?lang=it#breadcrumb\",\"itemListElement\":[{\"@type\":\"ListItem\",\"position\":1,\"name\":\"Home\",\"item\":\"https:\/\/www.bianchifinance-societarl.com\/\"},{\"@type\":\"ListItem\",\"position\":2,\"name\":\"Servizi\",\"item\":\"https:\/\/www.bianchifinance-societarl.com\/index.php\/i-nostri-servizi\/?lang=it\"},{\"@type\":\"ListItem\",\"position\":3,\"name\":\"Corone Dentali\"}]},{\"@type\":\"WebSite\",\"@id\":\"https:\/\/www.bianchifinance-societarl.com\/#website\",\"url\":\"https:\/\/www.bianchifinance-societarl.com\/\",\"name\":\"ImplantSwiss Albania\",\"description\":\"Turismo Dentale Albania - Impianti Dentali | Corona Dentale\",\"publisher\":{\"@id\":\"https:\/\/www.bianchifinance-societarl.com\/#organization\"},\"potentialAction\":[{\"@type\":\"SearchAction\",\"target\":{\"@type\":\"EntryPoint\",\"urlTemplate\":\"https:\/\/www.bianchifinance-societarl.com\/?s={search_term_string}\"},\"query-input\":\"required name=search_term_string\"}],\"inLanguage\":\"en-US\"},{\"@type\":\"Organization\",\"@id\":\"https:\/\/www.bianchifinance-societarl.com\/#organization\",\"name\":\"ImplantSwiss Albania\",\"url\":\"https:\/\/www.bianchifinance-societarl.com\/\",\"logo\":{\"@type\":\"ImageObject\",\"inLanguage\":\"en-US\",\"@id\":\"https:\/\/www.bianchifinance-societarl.com\/#\/schema\/logo\/image\/\",\"url\":\"http:\/\/www.bianchifinance-societarl.com\/wp-content\/uploads\/2022\/04\/ISA-Logo.png\",\"contentUrl\":\"http:\/\/www.bianchifinance-societarl.com\/wp-content\/uploads\/2022\/04\/ISA-Logo.png\",\"width\":600,\"height\":300,\"caption\":\"ImplantSwiss Albania\"},\"image\":{\"@id\":\"https:\/\/www.bianchifinance-societarl.com\/#\/schema\/logo\/image\/\"},\"sameAs\":[\"https:\/\/www.instagram.com\/implantswissalbania\/\",\"https:\/\/www.facebook.com\/implantswissalbania\"]}]}<\/script>\n<!-- \/ Yoast SEO plugin. -->","yoast_head_json":{"title":"ImplantSwiss Albania - Turismo Dentale Albania - Impianti Dentali | Corona Dentale","description":"ImplantSwiss Albania is a modern dental clinic specializing in advanced diagnostics and treating dental and oral disorders. It is also one of the most reliable brands in the dental sector with its innovative solutions, unique surface design, and high-quality implants. We offer comprehensive services from all fields of dentistry. In addition to high-end dental equipment, all services are provided in a comfortable and luxurious environment. New patients are welcomed with a complimentary oral health consultation.","robots":{"index":"index","follow":"follow","max-snippet":"max-snippet:-1","max-image-preview":"max-image-preview:large","max-video-preview":"max-video-preview:-1"},"canonical":"https:\/\/www.bianchifinance-societarl.com\/index.php\/i-nostri-servizi\/corone-dentali\/","og_locale":"en_US","og_type":"article","og_title":"ImplantSwiss Albania - Turismo Dentale Albania - Impianti Dentali | Corona Dentale","og_description":"ImplantSwiss Albania is a modern dental clinic specializing in advanced diagnostics and treating dental and oral disorders. It is also one of the most reliable brands in the dental sector with its innovative solutions, unique surface design, and high-quality implants. We offer comprehensive services from all fields of dentistry. In addition to high-end dental equipment, all services are provided in a comfortable and luxurious environment. New patients are welcomed with a complimentary oral health consultation.","og_url":"https:\/\/www.bianchifinance-societarl.com\/index.php\/i-nostri-servizi\/corone-dentali\/?lang=it","og_site_name":"ImplantSwiss Albania","article_publisher":"https:\/\/www.facebook.com\/implantswissalbania","article_modified_time":"2022-06-02T13:34:37+00:00","twitter_card":"summary_large_image","twitter_misc":{"Est. reading time":"4 minutes"},"schema":{"@context":"https:\/\/schema.org","@graph":[{"@type":"WebPage","@id":"https:\/\/www.bianchifinance-societarl.com\/index.php\/i-nostri-servizi\/corone-dentali\/?lang=it","url":"https:\/\/www.bianchifinance-societarl.com\/index.php\/i-nostri-servizi\/corone-dentali\/?lang=it","name":"ImplantSwiss Albania - Turismo Dentale Albania - Impianti Dentali | Corona Dentale","isPartOf":{"@id":"https:\/\/www.bianchifinance-societarl.com\/#website"},"datePublished":"2022-05-13T15:56:06+00:00","dateModified":"2022-06-02T13:34:37+00:00","description":"ImplantSwiss Albania is a modern dental clinic specializing in advanced diagnostics and treating dental and oral disorders. It is also one of the most reliable brands in the dental sector with its innovative solutions, unique surface design, and high-quality implants. We offer comprehensive services from all fields of dentistry. In addition to high-end dental equipment, all services are provided in a comfortable and luxurious environment. New patients are welcomed with a complimentary oral health consultation.","breadcrumb":{"@id":"https:\/\/www.bianchifinance-societarl.com\/index.php\/i-nostri-servizi\/corone-dentali\/?lang=it#breadcrumb"},"inLanguage":"en-US","potentialAction":[{"@type":"ReadAction","target":["https:\/\/www.bianchifinance-societarl.com\/index.php\/i-nostri-servizi\/corone-dentali\/?lang=it"]}]},{"@type":"BreadcrumbList","@id":"https:\/\/www.bianchifinance-societarl.com\/index.php\/i-nostri-servizi\/corone-dentali\/?lang=it#breadcrumb","itemListElement":[{"@type":"ListItem","position":1,"name":"Home","item":"https:\/\/www.bianchifinance-societarl.com\/"},{"@type":"ListItem","position":2,"name":"Servizi","item":"https:\/\/www.bianchifinance-societarl.com\/index.php\/i-nostri-servizi\/?lang=it"},{"@type":"ListItem","position":3,"name":"Corone Dentali"}]},{"@type":"WebSite","@id":"https:\/\/www.bianchifinance-societarl.com\/#website","url":"https:\/\/www.bianchifinance-societarl.com\/","name":"ImplantSwiss Albania","description":"Turismo Dentale Albania - Impianti Dentali | Corona Dentale","publisher":{"@id":"https:\/\/www.bianchifinance-societarl.com\/#organization"},"potentialAction":[{"@type":"SearchAction","target":{"@type":"EntryPoint","urlTemplate":"https:\/\/www.bianchifinance-societarl.com\/?s={search_term_string}"},"query-input":"required name=search_term_string"}],"inLanguage":"en-US"},{"@type":"Organization","@id":"https:\/\/www.bianchifinance-societarl.com\/#organization","name":"ImplantSwiss Albania","url":"https:\/\/www.bianchifinance-societarl.com\/","logo":{"@type":"ImageObject","inLanguage":"en-US","@id":"https:\/\/www.bianchifinance-societarl.com\/#\/schema\/logo\/image\/","url":"http:\/\/www.bianchifinance-societarl.com\/wp-content\/uploads\/2022\/04\/ISA-Logo.png","contentUrl":"http:\/\/www.bianchifinance-societarl.com\/wp-content\/uploads\/2022\/04\/ISA-Logo.png","width":600,"height":300,"caption":"ImplantSwiss Albania"},"image":{"@id":"https:\/\/www.bianchifinance-societarl.com\/#\/schema\/logo\/image\/"},"sameAs":["https:\/\/www.instagram.com\/implantswissalbania\/","https:\/\/www.facebook.com\/implantswissalbania"]}]}},"_links":{"self":[{"href":"https:\/\/www.bianchifinance-societarl.com\/index.php\/wp-json\/wp\/v2\/pages\/2732","targetHints":{"allow":["GET"]}}],"collection":[{"href":"https:\/\/www.bianchifinance-societarl.com\/index.php\/wp-json\/wp\/v2\/pages"}],"about":[{"href":"https:\/\/www.bianchifinance-societarl.com\/index.php\/wp-json\/wp\/v2\/types\/page"}],"author":[{"embeddable":true,"href":"https:\/\/www.bianchifinance-societarl.com\/index.php\/wp-json\/wp\/v2\/users\/1"}],"replies":[{"embeddable":true,"href":"https:\/\/www.bianchifinance-societarl.com\/index.php\/wp-json\/wp\/v2\/comments?post=2732"}],"version-history":[{"count":7,"href":"https:\/\/www.bianchifinance-societarl.com\/index.php\/wp-json\/wp\/v2\/pages\/2732\/revisions"}],"predecessor-version":[{"id":2894,"href":"https:\/\/www.bianchifinance-societarl.com\/index.php\/wp-json\/wp\/v2\/pages\/2732\/revisions\/2894"}],"up":[{"embeddable":true,"href":"https:\/\/www.bianchifinance-societarl.com\/index.php\/wp-json\/wp\/v2\/pages\/2702"}],"wp:attachment":[{"href":"https:\/\/www.bianchifinance-societarl.com\/index.php\/wp-json\/wp\/v2\/media?parent=2732"}],"curies":[{"name":"wp","href":"https:\/\/api.w.org\/{rel}","templated":true}]}}