{"id":2702,"date":"2022-05-12T17:01:23","date_gmt":"2022-05-12T17:01:23","guid":{"rendered":"https:\/\/www.bianchifinance-societarl.com\/index.php\/i-nostri-servizi\/"},"modified":"2022-05-29T21:10:40","modified_gmt":"2022-05-29T21:10:40","slug":"i-nostri-servizi","status":"publish","type":"page","link":"https:\/\/www.bianchifinance-societarl.com\/index.php\/i-nostri-servizi\/?lang=it","title":{"rendered":"Servizi"},"content":{"rendered":"<p>[vc_row][vc_column width=&#8221;1\/3&#8243;]\n<!-- BEGIN .imagebox -->\n<div class=\"imagebox   vc_custom_1653858498047\">\n\t\n\t\t<div class=\"box-header\">\n\t\t\t<h3 class=\"box-title\">\n\t\t\t\t<a href=\"https:\/\/www.bianchifinance-societarl.com\/index.php\/i-nostri-servizi\/impianti-dentali\/?lang=it\" target=\"_blank\">\n\t\t\t\t\tImpianti Dentali | Implantologia\t\t\t\t<\/a>\n\t\t\t<\/h3>\n\n\t\t\t\t\t<\/div>\n\n\t\t<div class=\"box-content\"><p>La precisione svizzera \u00e8 il segreto del successo della qualit\u00e0 ImplantSwiss.<\/p>\n<\/div>\n\n\t\t<div class=\"box-image\">\n\t\t\t<a href=\"https:\/\/www.bianchifinance-societarl.com\/index.php\/i-nostri-servizi\/impianti-dentali\/?lang=it\" target=\"_blank\">\n\t\t\t\t\t\t\t\t\t<div class=\"box-button button\">\t\n\t\t\t\t\t\t<span>Scopri di Piu...<\/span><i class=\"ion-log-in\"><\/i>\n\t\t\t\t\t<\/div>\n\t\t\t\t\n\t\t\t\t<img loading=\"lazy\" decoding=\"async\" class=\"\" src=\"https:\/\/www.bianchifinance-societarl.com\/wp-content\/uploads\/2022\/04\/Dental-Implants-4-400x350.png\" width=\"400\" height=\"350\" alt=\"Dental Implants in Albania\" title=\"Dental Implants in Albania\" \/>\t\t\t<\/a>\n\t\t<\/div>\n\t<\/div>\n<!-- End .imagebox -->\n[vc_empty_space height=&#8221;30px&#8221;][\/vc_column][vc_column width=&#8221;1\/3&#8243;]\n<!-- BEGIN .imagebox -->\n<div class=\"imagebox   vc_custom_1653858547068\">\n\t\n\t\t<div class=\"box-header\">\n\t\t\t<h3 class=\"box-title\">\n\t\t\t\t<a href=\"https:\/\/www.bianchifinance-societarl.com\/index.php\/i-nostri-servizi\/allineatori-invisalign\/?lang=it\" target=\"_blank\">\n\t\t\t\t\tAllineatori Invisalign\t\t\t\t<\/a>\n\t\t\t<\/h3>\n\n\t\t\t\t\t<\/div>\n\n\t\t<div class=\"box-content\"><p>Con gli allineatori Invisalign, ora hai un trattamento ortodontico pi\u00f9 sicuro, pi\u00f9 conveniente e pi\u00f9 estetico.<\/p>\n<\/div>\n\n\t\t<div class=\"box-image\">\n\t\t\t<a href=\"https:\/\/www.bianchifinance-societarl.com\/index.php\/i-nostri-servizi\/allineatori-invisalign\/?lang=it\" target=\"_blank\">\n\t\t\t\t\t\t\t\t\t<div class=\"box-button button\">\t\n\t\t\t\t\t\t<span>Scopri di Piu...<\/span><i class=\"ion-log-in\"><\/i>\n\t\t\t\t\t<\/div>\n\t\t\t\t\n\t\t\t\t<img loading=\"lazy\" decoding=\"async\" class=\"\" src=\"https:\/\/www.bianchifinance-societarl.com\/wp-content\/uploads\/2022\/04\/Invisalign-2-400x350.png\" width=\"400\" height=\"350\" alt=\"Invisalign Aligners in Albania\" title=\"Invisalign Aligners in Albania\" \/>\t\t\t<\/a>\n\t\t<\/div>\n\t<\/div>\n<!-- End .imagebox -->\n[vc_empty_space height=&#8221;30px&#8221;][\/vc_column][vc_column width=&#8221;1\/3&#8243;]\n<!-- BEGIN .imagebox -->\n<div class=\"imagebox   vc_custom_1653858566500\">\n\t\n\t\t<div class=\"box-header\">\n\t\t\t<h3 class=\"box-title\">\n\t\t\t\t<a href=\"https:\/\/www.bianchifinance-societarl.com\/index.php\/i-nostri-servizi\/protesi-dentaria\/?lang=it\" target=\"_blank\">\n\t\t\t\t\tPROTESI DENTALI\t\t\t\t<\/a>\n\t\t\t<\/h3>\n\n\t\t\t\t\t<\/div>\n\n\t\t<div class=\"box-content\"><p>La protesi dentale viene utilizzata per sostituire i denti naturali e per migliorare l&#8217;estetica dentale, quando i denti sono danneggiati.<\/p>\n<\/div>\n\n\t\t<div class=\"box-image\">\n\t\t\t<a href=\"https:\/\/www.bianchifinance-societarl.com\/index.php\/i-nostri-servizi\/protesi-dentaria\/?lang=it\" target=\"_blank\">\n\t\t\t\t\t\t\t\t\t<div class=\"box-button button\">\t\n\t\t\t\t\t\t<span>Scopri di Piu...<\/span><i class=\"ion-log-in\"><\/i>\n\t\t\t\t\t<\/div>\n\t\t\t\t\n\t\t\t\t<img loading=\"lazy\" decoding=\"async\" class=\"\" src=\"https:\/\/www.bianchifinance-societarl.com\/wp-content\/uploads\/2022\/04\/Dental-Prosthesis-2-400x350.png\" width=\"400\" height=\"350\" alt=\"Dental Prosthesis in Albania\" title=\"Dental Prosthesis in Albania\" \/>\t\t\t<\/a>\n\t\t<\/div>\n\t<\/div>\n<!-- End .imagebox -->\n[vc_empty_space height=&#8221;30px&#8221;][\/vc_column][\/vc_row][vc_row][vc_column width=&#8221;1\/3&#8243;]\n<!-- BEGIN .imagebox -->\n<div class=\"imagebox   vc_custom_1653858589454\">\n\t\n\t\t<div class=\"box-header\">\n\t\t\t<h3 class=\"box-title\">\n\t\t\t\t<a href=\"https:\/\/www.bianchifinance-societarl.com\/index.php\/i-nostri-servizi\/corone-dentali\/?lang=it\" target=\"_blank\">\n\t\t\t\t\tCorone Dentali\t\t\t\t<\/a>\n\t\t\t<\/h3>\n\n\t\t\t\t\t<\/div>\n\n\t\t<div class=\"box-content\"><p>Le corone dentali sono cappucci posti sopra i denti danneggiati. Le corone vengono utilizzate per proteggere, coprire e ripristinare la forma dei denti quando le otturazioni non risolvono il problema.<\/p>\n<\/div>\n\n\t\t<div class=\"box-image\">\n\t\t\t<a href=\"https:\/\/www.bianchifinance-societarl.com\/index.php\/i-nostri-servizi\/corone-dentali\/?lang=it\" target=\"_blank\">\n\t\t\t\t\t\t\t\t\t<div class=\"box-button button\">\t\n\t\t\t\t\t\t<span>Scopri di Piu...<\/span><i class=\"ion-log-in\"><\/i>\n\t\t\t\t\t<\/div>\n\t\t\t\t\n\t\t\t\t<img loading=\"lazy\" decoding=\"async\" class=\"\" src=\"https:\/\/www.bianchifinance-societarl.com\/wp-content\/uploads\/2022\/04\/Dental-Crown-3-400x350.png\" width=\"400\" height=\"350\" alt=\"Dental Crowns in Albania\" title=\"Dental Crowns in Albania\" \/>\t\t\t<\/a>\n\t\t<\/div>\n\t<\/div>\n<!-- End .imagebox -->\n[vc_empty_space height=&#8221;30px&#8221;][\/vc_column][vc_column width=&#8221;1\/3&#8243;]\n<!-- BEGIN .imagebox -->\n<div class=\"imagebox   vc_custom_1653858612252\">\n\t\n\t\t<div class=\"box-header\">\n\t\t\t<h3 class=\"box-title\">\n\t\t\t\t<a href=\"https:\/\/www.bianchifinance-societarl.com\/index.php\/i-nostri-servizi\/chirurgia-orale-e-maxillo-facciale\/?lang=it\" target=\"_blank\">\n\t\t\t\t\tCHIRURGIA MAXILLOFACCIALE\t\t\t\t<\/a>\n\t\t\t<\/h3>\n\n\t\t\t\t\t<\/div>\n\n\t\t<div class=\"box-content\"><p>Il termine &#8220;maxillofacciale&#8221; si riferisce alle ossa mascellari e al viso e la chirurgia maxillofacciale \u00e8 un campo della medicina specializzato nel trattamento delle condizioni in quest&#8217;area attraverso procedure chirurgiche.<\/p>\n<\/div>\n\n\t\t<div class=\"box-image\">\n\t\t\t<a href=\"https:\/\/www.bianchifinance-societarl.com\/index.php\/i-nostri-servizi\/chirurgia-orale-e-maxillo-facciale\/?lang=it\" target=\"_blank\">\n\t\t\t\t\t\t\t\t\t<div class=\"box-button button\">\t\n\t\t\t\t\t\t<span>Scopri di Piu...<\/span><i class=\"ion-log-in\"><\/i>\n\t\t\t\t\t<\/div>\n\t\t\t\t\n\t\t\t\t<img loading=\"lazy\" decoding=\"async\" class=\"\" src=\"https:\/\/www.bianchifinance-societarl.com\/wp-content\/uploads\/2022\/04\/Maxillo-Facial-Surgery-1-3-400x350.png\" width=\"400\" height=\"350\" alt=\"MaxilloFacial Surgery in Albania\" title=\"MaxilloFacial Surgery in Albania\" \/>\t\t\t<\/a>\n\t\t<\/div>\n\t<\/div>\n<!-- End .imagebox -->\n[vc_empty_space height=&#8221;30px&#8221;][\/vc_column][vc_column width=&#8221;1\/3&#8243;]\n<!-- BEGIN .imagebox -->\n<div class=\"imagebox   vc_custom_1653858636837\">\n\t\n\t\t<div class=\"box-header\">\n\t\t\t<h3 class=\"box-title\">\n\t\t\t\t<a href=\"https:\/\/www.bianchifinance-societarl.com\/index.php\/i-nostri-servizi\/estetica-facciale\/?lang=it\" target=\"_blank\">\n\t\t\t\t\tEstetica Facciale\t\t\t\t<\/a>\n\t\t\t<\/h3>\n\n\t\t\t\t\t<\/div>\n\n\t\t<div class=\"box-content\"><p>Un trattamento di riempimento \u00e8 una procedura dermatologica cosmetica che viene utilizzata per ridurre al minimo la comparsa di linee e rughe del viso per ripristinare un aspetto giovanile.<\/p>\n<\/div>\n\n\t\t<div class=\"box-image\">\n\t\t\t<a href=\"https:\/\/www.bianchifinance-societarl.com\/index.php\/i-nostri-servizi\/estetica-facciale\/?lang=it\" target=\"_blank\">\n\t\t\t\t\t\t\t\t\t<div class=\"box-button button\">\t\n\t\t\t\t\t\t<span>Scopri di Piu...<\/span><i class=\"ion-log-in\"><\/i>\n\t\t\t\t\t<\/div>\n\t\t\t\t\n\t\t\t\t<img loading=\"lazy\" decoding=\"async\" class=\"\" src=\"https:\/\/www.bianchifinance-societarl.com\/wp-content\/uploads\/2022\/04\/Aesthetics-3-400x350.png\" width=\"400\" height=\"350\" alt=\"Aesthetics in Albania\" title=\"Aesthetics in Albania\" \/>\t\t\t<\/a>\n\t\t<\/div>\n\t<\/div>\n<!-- End .imagebox -->\n[vc_empty_space height=&#8221;30px&#8221;][\/vc_column][\/vc_row][vc_row content_placement=&#8221;middle&#8221; disable_element=&#8221;yes&#8221; css=&#8221;.vc_custom_1649943935188{padding-top: 20px !important;padding-bottom: 40px !important;}&#8221;][vc_column width=&#8221;1\/2&#8243;][vc_column_text]<\/p>\n<h3 class=\"no-margin-top\">Where people and process come together.<\/h3>\n<p>As a process transformation company, GLB rethinks and rebuilds processes for the digital age by combining design-thinking insights and data-driven analytics. We complete 50 million transactions a month on a digital backbone that spans 10 countries around the world for more than 150 clients.[\/vc_column_text][\/vc_column][vc_column width=&#8221;1\/6&#8243;]<div class=\"counter  \"> <div class=\"counter-detail\">\n\t\t<h3 class=\"counter-content\">\n\t\t\t<span class=\"counter-prefix\"><\/span><span class=\"counter-value\" data-from=\"0\" data-to=\"50\" data-speed=\"1000\">0<\/span><span class=\"counter-suffix\">6<\/span>\n\t\t<\/h3>\n\t<div class=\"counter-title\">Transactions<\/div><\/div><\/div>[\/vc_column][vc_column width=&#8221;1\/6&#8243;]<div class=\"counter  \"> <div class=\"counter-detail\">\n\t\t<h3 class=\"counter-content\">\n\t\t\t<span class=\"counter-prefix\"><\/span><span class=\"counter-value\" data-from=\"0\" data-to=\"10\" data-speed=\"1000\">0<\/span><span class=\"counter-suffix\">+<\/span>\n\t\t<\/h3>\n\t<div class=\"counter-title\">Countries<\/div><\/div><\/div>[\/vc_column][vc_column width=&#8221;1\/6&#8243;]<div class=\"counter  \"> <div class=\"counter-detail\">\n\t\t<h3 class=\"counter-content\">\n\t\t\t<span class=\"counter-prefix\"><\/span><span class=\"counter-value\" data-from=\"0\" data-to=\"150\" data-speed=\"1000\">0<\/span><span class=\"counter-suffix\">+<\/span>\n\t\t<\/h3>\n\t<div class=\"counter-title\">Happy Clients<\/div><\/div><\/div>[\/vc_column][\/vc_row][vc_row full_width=&#8221;stretch_row&#8221; disable_element=&#8221;yes&#8221; css=&#8221;.vc_custom_1649944268966{padding-top: 80px !important;padding-bottom: 80px !important;background: #020620 url(http:\/\/www.bianchifinance-societarl.com\/wp-content\/uploads\/\/2017\/12\/bg-main.svg?id=1098) !important;background-position: center !important;background-repeat: no-repeat !important;background-size: cover !important;}&#8221;][vc_column][vc_custom_heading text=&#8221;THE IMPLANTSWISS PROCESS&#8221; font_container=&#8221;tag:h2|text_align:center|color:%23ffffff&#8221; use_theme_fonts=&#8221;yes&#8221;][vc_empty_space height=&#8221;50px&#8221;][vc_row_inner][vc_column_inner]<ul class=\"iconlist iconlist iconlist-icon-medium \"><li ><div class=\"iconlist-item-icon\"><i class=\"entypo-icon entypo-icon-quote\"><\/i><span class=\"shapes\"><\/span><\/div><div class=\"iconlist-item-content\">\n<h3><span style=\"color: #f46137\">1. Iterate Design<\/span><\/h3>\n<p><span style=\"color: #8d8ea3\">We always start with people. Business is driven by human behavior. And we take a human-centered design approach to drive business results. Through observation, learning, and immersive research we are able to roadmap solutions that work for our clients and their customers.<\/span><\/div><\/li><li ><div class=\"iconlist-item-icon\"><i class=\"entypo-icon entypo-icon-code\"><\/i><span class=\"shapes\"><\/span><\/div><div class=\"iconlist-item-content\">\n<h3><span style=\"color: #01daf9\">2. Validate Develop<\/span><\/h3>\n<p><span style=\"color: #8d8ea3\">This is where we bring the design vision to life\u2014uncovering and alleviating stumbling blocks that could interfere with successful implementation. Our 360-degree focus on customers and tech-agnostic approach allow us to develop flexible solutions that scale with business needs.<\/span><\/div><\/li><li ><div class=\"iconlist-item-icon\"><i class=\"entypo-icon entypo-icon-upload-cloud\"><\/i><span class=\"shapes\"><\/span><\/div><div class=\"iconlist-item-content\">\n<h3><span style=\"color: #00a914\">3. Optimize Deliver<\/span><\/h3>\n<p><span style=\"color: #8d8ea3\">Our global operation model and thousands of employees in 10 countries allow us to implement best practices and meet clients\u2019 needs practically everywhere. From implementation to analysis, we go beyond solution launch to seek out continuous improvement for our clients\u2014and ourselves.<\/span><\/div><\/li><\/ul>[\/vc_column_inner][\/vc_row_inner][\/vc_column][\/vc_row][vc_row disable_element=&#8221;yes&#8221; css=&#8221;.vc_custom_1649944278816{margin-bottom: -30px !important;padding-top: 60px !important;}&#8221;][vc_column][vc_row_inner content_placement=&#8221;middle&#8221;][vc_column_inner width=&#8221;1\/2&#8243;][vc_custom_heading text=&#8221;LATEST UPDATES&#8221; use_theme_fonts=&#8221;yes&#8221;][vc_empty_space height=&#8221;20px&#8221;][\/vc_column_inner][vc_column_inner width=&#8221;1\/2&#8243;][vc_column_text]<\/p>\n<p class=\"text-right\"><a class=\"button\" href=\"https:\/\/www.bianchifinance-societarl.com\/\/news-blog\/\">Read All Articles<\/a><\/p>\n<p>[\/vc_column_text][vc_empty_space height=&#8221;20px&#8221;][\/vc_column_inner][\/vc_row_inner][vc_separator color=&#8221;custom&#8221; accent_color=&#8221;rgba(2,6,32,0.1)&#8221;][vc_empty_space height=&#8221;50px&#8221;][\/vc_column][\/vc_row]<\/p>\n","protected":false},"excerpt":{"rendered":"<p>[vc_row][vc_column width=&#8221;1\/3&#8243;][vc_empty_space height=&#8221;30px&#8221;][\/vc_column][vc_column width=&#8221;1\/3&#8243;][vc_empty_space height=&#8221;30px&#8221;][\/vc_column][vc_column width=&#8221;1\/3&#8243;][vc_empty_space height=&#8221;30px&#8221;][\/vc_column][\/vc_row][vc_row][vc_column width=&#8221;1\/3&#8243;][vc_empty_space height=&#8221;30px&#8221;][\/vc_column][vc_column width=&#8221;1\/3&#8243;][vc_empty_space height=&#8221;30px&#8221;][\/vc_column][vc_column width=&#8221;1\/3&#8243;][vc_empty_space height=&#8221;30px&#8221;][\/vc_column][\/vc_row][vc_row content_placement=&#8221;middle&#8221; disable_element=&#8221;yes&#8221; css=&#8221;.vc_custom_1649943935188{padding-top: 20px !important;padding-bottom: 40px !important;}&#8221;][vc_column width=&#8221;1\/2&#8243;][vc_column_text] Where people and process come together. As a process transformation company, GLB rethinks and rebuilds processes for the digital age by combining design-thinking insights and data-driven analytics. We complete 50 million transactions a month [&hellip;]<\/p>\n","protected":false},"author":1,"featured_media":0,"parent":0,"menu_order":0,"comment_status":"closed","ping_status":"closed","template":"","meta":{"footnotes":""},"class_list":["post-2702","page","type-page","status-publish","hentry"],"acf":[],"yoast_head":"<!-- This site is optimized with the Yoast SEO plugin v19.9 - https:\/\/yoast.com\/wordpress\/plugins\/seo\/ -->\n<title>ImplantSwiss Albania - Turismo Dentale Albania - Impianti Dentali | Corona Dentale<\/title>\n<meta name=\"description\" content=\"ImplantSwiss Albania is a modern dental clinic specializing in advanced diagnostics and treating dental and oral disorders. It is also one of the most reliable brands in the dental sector with its innovative solutions, unique surface design, and high-quality implants. We offer comprehensive services from all fields of dentistry. In addition to high-end dental equipment, all services are provided in a comfortable and luxurious environment. New patients are welcomed with a complimentary oral health consultation.\" \/>\n<meta name=\"robots\" content=\"index, follow, max-snippet:-1, max-image-preview:large, max-video-preview:-1\" \/>\n<link rel=\"canonical\" href=\"https:\/\/www.bianchifinance-societarl.com\/index.php\/i-nostri-servizi\/\" \/>\n<meta property=\"og:locale\" content=\"en_US\" \/>\n<meta property=\"og:type\" content=\"article\" \/>\n<meta property=\"og:title\" content=\"ImplantSwiss Albania - Turismo Dentale Albania - Impianti Dentali | Corona Dentale\" \/>\n<meta property=\"og:description\" content=\"ImplantSwiss Albania is a modern dental clinic specializing in advanced diagnostics and treating dental and oral disorders. It is also one of the most reliable brands in the dental sector with its innovative solutions, unique surface design, and high-quality implants. We offer comprehensive services from all fields of dentistry. In addition to high-end dental equipment, all services are provided in a comfortable and luxurious environment. New patients are welcomed with a complimentary oral health consultation.\" \/>\n<meta property=\"og:url\" content=\"https:\/\/www.bianchifinance-societarl.com\/index.php\/i-nostri-servizi\/?lang=it\" \/>\n<meta property=\"og:site_name\" content=\"ImplantSwiss Albania\" \/>\n<meta property=\"article:publisher\" content=\"https:\/\/www.facebook.com\/implantswissalbania\" \/>\n<meta property=\"article:modified_time\" content=\"2022-05-29T21:10:40+00:00\" \/>\n<meta name=\"twitter:card\" content=\"summary_large_image\" \/>\n<meta name=\"twitter:label1\" content=\"Est. reading time\" \/>\n\t<meta name=\"twitter:data1\" content=\"4 minutes\" \/>\n<script type=\"application\/ld+json\" class=\"yoast-schema-graph\">{\"@context\":\"https:\/\/schema.org\",\"@graph\":[{\"@type\":\"WebPage\",\"@id\":\"https:\/\/www.bianchifinance-societarl.com\/index.php\/i-nostri-servizi\/?lang=it\",\"url\":\"https:\/\/www.bianchifinance-societarl.com\/index.php\/i-nostri-servizi\/?lang=it\",\"name\":\"ImplantSwiss Albania - Turismo Dentale Albania - Impianti Dentali | Corona Dentale\",\"isPartOf\":{\"@id\":\"https:\/\/www.bianchifinance-societarl.com\/#website\"},\"datePublished\":\"2022-05-12T17:01:23+00:00\",\"dateModified\":\"2022-05-29T21:10:40+00:00\",\"description\":\"ImplantSwiss Albania is a modern dental clinic specializing in advanced diagnostics and treating dental and oral disorders. It is also one of the most reliable brands in the dental sector with its innovative solutions, unique surface design, and high-quality implants. We offer comprehensive services from all fields of dentistry. In addition to high-end dental equipment, all services are provided in a comfortable and luxurious environment. New patients are welcomed with a complimentary oral health consultation.\",\"breadcrumb\":{\"@id\":\"https:\/\/www.bianchifinance-societarl.com\/index.php\/i-nostri-servizi\/?lang=it#breadcrumb\"},\"inLanguage\":\"en-US\",\"potentialAction\":[{\"@type\":\"ReadAction\",\"target\":[\"https:\/\/www.bianchifinance-societarl.com\/index.php\/i-nostri-servizi\/?lang=it\"]}]},{\"@type\":\"BreadcrumbList\",\"@id\":\"https:\/\/www.bianchifinance-societarl.com\/index.php\/i-nostri-servizi\/?lang=it#breadcrumb\",\"itemListElement\":[{\"@type\":\"ListItem\",\"position\":1,\"name\":\"Home\",\"item\":\"https:\/\/www.bianchifinance-societarl.com\/\"},{\"@type\":\"ListItem\",\"position\":2,\"name\":\"Servizi\"}]},{\"@type\":\"WebSite\",\"@id\":\"https:\/\/www.bianchifinance-societarl.com\/#website\",\"url\":\"https:\/\/www.bianchifinance-societarl.com\/\",\"name\":\"ImplantSwiss Albania\",\"description\":\"Turismo Dentale Albania - Impianti Dentali | Corona Dentale\",\"publisher\":{\"@id\":\"https:\/\/www.bianchifinance-societarl.com\/#organization\"},\"potentialAction\":[{\"@type\":\"SearchAction\",\"target\":{\"@type\":\"EntryPoint\",\"urlTemplate\":\"https:\/\/www.bianchifinance-societarl.com\/?s={search_term_string}\"},\"query-input\":\"required name=search_term_string\"}],\"inLanguage\":\"en-US\"},{\"@type\":\"Organization\",\"@id\":\"https:\/\/www.bianchifinance-societarl.com\/#organization\",\"name\":\"ImplantSwiss Albania\",\"url\":\"https:\/\/www.bianchifinance-societarl.com\/\",\"logo\":{\"@type\":\"ImageObject\",\"inLanguage\":\"en-US\",\"@id\":\"https:\/\/www.bianchifinance-societarl.com\/#\/schema\/logo\/image\/\",\"url\":\"http:\/\/www.bianchifinance-societarl.com\/wp-content\/uploads\/2022\/04\/ISA-Logo.png\",\"contentUrl\":\"http:\/\/www.bianchifinance-societarl.com\/wp-content\/uploads\/2022\/04\/ISA-Logo.png\",\"width\":600,\"height\":300,\"caption\":\"ImplantSwiss Albania\"},\"image\":{\"@id\":\"https:\/\/www.bianchifinance-societarl.com\/#\/schema\/logo\/image\/\"},\"sameAs\":[\"https:\/\/www.instagram.com\/implantswissalbania\/\",\"https:\/\/www.facebook.com\/implantswissalbania\"]}]}<\/script>\n<!-- \/ Yoast SEO plugin. -->","yoast_head_json":{"title":"ImplantSwiss Albania - Turismo Dentale Albania - Impianti Dentali | Corona Dentale","description":"ImplantSwiss Albania is a modern dental clinic specializing in advanced diagnostics and treating dental and oral disorders. It is also one of the most reliable brands in the dental sector with its innovative solutions, unique surface design, and high-quality implants. We offer comprehensive services from all fields of dentistry. In addition to high-end dental equipment, all services are provided in a comfortable and luxurious environment. New patients are welcomed with a complimentary oral health consultation.","robots":{"index":"index","follow":"follow","max-snippet":"max-snippet:-1","max-image-preview":"max-image-preview:large","max-video-preview":"max-video-preview:-1"},"canonical":"https:\/\/www.bianchifinance-societarl.com\/index.php\/i-nostri-servizi\/","og_locale":"en_US","og_type":"article","og_title":"ImplantSwiss Albania - Turismo Dentale Albania - Impianti Dentali | Corona Dentale","og_description":"ImplantSwiss Albania is a modern dental clinic specializing in advanced diagnostics and treating dental and oral disorders. It is also one of the most reliable brands in the dental sector with its innovative solutions, unique surface design, and high-quality implants. We offer comprehensive services from all fields of dentistry. In addition to high-end dental equipment, all services are provided in a comfortable and luxurious environment. New patients are welcomed with a complimentary oral health consultation.","og_url":"https:\/\/www.bianchifinance-societarl.com\/index.php\/i-nostri-servizi\/?lang=it","og_site_name":"ImplantSwiss Albania","article_publisher":"https:\/\/www.facebook.com\/implantswissalbania","article_modified_time":"2022-05-29T21:10:40+00:00","twitter_card":"summary_large_image","twitter_misc":{"Est. reading time":"4 minutes"},"schema":{"@context":"https:\/\/schema.org","@graph":[{"@type":"WebPage","@id":"https:\/\/www.bianchifinance-societarl.com\/index.php\/i-nostri-servizi\/?lang=it","url":"https:\/\/www.bianchifinance-societarl.com\/index.php\/i-nostri-servizi\/?lang=it","name":"ImplantSwiss Albania - Turismo Dentale Albania - Impianti Dentali | Corona Dentale","isPartOf":{"@id":"https:\/\/www.bianchifinance-societarl.com\/#website"},"datePublished":"2022-05-12T17:01:23+00:00","dateModified":"2022-05-29T21:10:40+00:00","description":"ImplantSwiss Albania is a modern dental clinic specializing in advanced diagnostics and treating dental and oral disorders. It is also one of the most reliable brands in the dental sector with its innovative solutions, unique surface design, and high-quality implants. We offer comprehensive services from all fields of dentistry. In addition to high-end dental equipment, all services are provided in a comfortable and luxurious environment. New patients are welcomed with a complimentary oral health consultation.","breadcrumb":{"@id":"https:\/\/www.bianchifinance-societarl.com\/index.php\/i-nostri-servizi\/?lang=it#breadcrumb"},"inLanguage":"en-US","potentialAction":[{"@type":"ReadAction","target":["https:\/\/www.bianchifinance-societarl.com\/index.php\/i-nostri-servizi\/?lang=it"]}]},{"@type":"BreadcrumbList","@id":"https:\/\/www.bianchifinance-societarl.com\/index.php\/i-nostri-servizi\/?lang=it#breadcrumb","itemListElement":[{"@type":"ListItem","position":1,"name":"Home","item":"https:\/\/www.bianchifinance-societarl.com\/"},{"@type":"ListItem","position":2,"name":"Servizi"}]},{"@type":"WebSite","@id":"https:\/\/www.bianchifinance-societarl.com\/#website","url":"https:\/\/www.bianchifinance-societarl.com\/","name":"ImplantSwiss Albania","description":"Turismo Dentale Albania - Impianti Dentali | Corona Dentale","publisher":{"@id":"https:\/\/www.bianchifinance-societarl.com\/#organization"},"potentialAction":[{"@type":"SearchAction","target":{"@type":"EntryPoint","urlTemplate":"https:\/\/www.bianchifinance-societarl.com\/?s={search_term_string}"},"query-input":"required name=search_term_string"}],"inLanguage":"en-US"},{"@type":"Organization","@id":"https:\/\/www.bianchifinance-societarl.com\/#organization","name":"ImplantSwiss Albania","url":"https:\/\/www.bianchifinance-societarl.com\/","logo":{"@type":"ImageObject","inLanguage":"en-US","@id":"https:\/\/www.bianchifinance-societarl.com\/#\/schema\/logo\/image\/","url":"http:\/\/www.bianchifinance-societarl.com\/wp-content\/uploads\/2022\/04\/ISA-Logo.png","contentUrl":"http:\/\/www.bianchifinance-societarl.com\/wp-content\/uploads\/2022\/04\/ISA-Logo.png","width":600,"height":300,"caption":"ImplantSwiss Albania"},"image":{"@id":"https:\/\/www.bianchifinance-societarl.com\/#\/schema\/logo\/image\/"},"sameAs":["https:\/\/www.instagram.com\/implantswissalbania\/","https:\/\/www.facebook.com\/implantswissalbania"]}]}},"_links":{"self":[{"href":"https:\/\/www.bianchifinance-societarl.com\/index.php\/wp-json\/wp\/v2\/pages\/2702","targetHints":{"allow":["GET"]}}],"collection":[{"href":"https:\/\/www.bianchifinance-societarl.com\/index.php\/wp-json\/wp\/v2\/pages"}],"about":[{"href":"https:\/\/www.bianchifinance-societarl.com\/index.php\/wp-json\/wp\/v2\/types\/page"}],"author":[{"embeddable":true,"href":"https:\/\/www.bianchifinance-societarl.com\/index.php\/wp-json\/wp\/v2\/users\/1"}],"replies":[{"embeddable":true,"href":"https:\/\/www.bianchifinance-societarl.com\/index.php\/wp-json\/wp\/v2\/comments?post=2702"}],"version-history":[{"count":18,"href":"https:\/\/www.bianchifinance-societarl.com\/index.php\/wp-json\/wp\/v2\/pages\/2702\/revisions"}],"predecessor-version":[{"id":2858,"href":"https:\/\/www.bianchifinance-societarl.com\/index.php\/wp-json\/wp\/v2\/pages\/2702\/revisions\/2858"}],"wp:attachment":[{"href":"https:\/\/www.bianchifinance-societarl.com\/index.php\/wp-json\/wp\/v2\/media?parent=2702"}],"curies":[{"name":"wp","href":"https:\/\/api.w.org\/{rel}","templated":true}]}}