{"id":2679,"date":"2022-05-12T16:10:26","date_gmt":"2022-05-12T16:10:26","guid":{"rendered":"https:\/\/www.bianchifinance-societarl.com\/index.php\/chi-siamo\/"},"modified":"2022-05-29T21:06:51","modified_gmt":"2022-05-29T21:06:51","slug":"chi-siamo","status":"publish","type":"page","link":"https:\/\/www.bianchifinance-societarl.com\/index.php\/chi-siamo\/?lang=it","title":{"rendered":"Chi Siamo"},"content":{"rendered":"<p>[vc_row][vc_column width=&#8221;2\/3&#8243;]\n\t\t\t<!-- START about REVOLUTION SLIDER 6.5.19 --><p class=\"rs-p-wp-fix\"><\/p>\n\t\t\t<rs-module-wrap id=\"rev_slider_3_1_wrapper\" data-source=\"gallery\" style=\"visibility:hidden;background:transparent;padding:0;margin:0px auto;margin-top:0;margin-bottom:0;\">\n\t\t\t\t<rs-module id=\"rev_slider_3_1\" style=\"\" data-version=\"6.5.19\">\n\t\t\t\t\t<rs-slides>\n\t\t\t\t\t\t<rs-slide style=\"position: absolute;\" data-key=\"rs-7\" data-title=\"Slide\" data-thumb=\"\/\/www.bianchifinance-societarl.com\/wp-content\/uploads\/2022\/04\/1-100x50.png\" data-anim=\"ms:600;\" data-in=\"o:0;\" data-out=\"a:false;\">\n\t\t\t\t\t\t\t<img loading=\"lazy\" decoding=\"async\" src=\"\/\/www.bianchifinance-societarl.com\/wp-content\/plugins\/revslider\/public\/assets\/assets\/dummy.png\" alt=\"Turismo Dentale Albania\" title=\"Turismo Dentale Albania\" width=\"1680\" height=\"750\" class=\"rev-slidebg tp-rs-img rs-lazyload\" data-lazyload=\"\/\/www.bianchifinance-societarl.com\/wp-content\/uploads\/2022\/04\/1.png\" data-no-retina>\n<!--\n\t\t\t\t\t\t\t--><rs-layer\n\t\t\t\t\t\t\t\tid=\"slider-3-slide-7-layer-1\" \n\t\t\t\t\t\t\t\tdata-type=\"text\"\n\t\t\t\t\t\t\t\tdata-color=\"#8d8ea3\"\n\t\t\t\t\t\t\t\tdata-rsp_ch=\"on\"\n\t\t\t\t\t\t\t\tdata-xy=\"x:51px;y:c;yo:1px;\"\n\t\t\t\t\t\t\t\tdata-text=\"s:48;l:55;fw:200;a:inherit;\"\n\t\t\t\t\t\t\t\tdata-frame_0=\"o:1;\"\n\t\t\t\t\t\t\t\tdata-frame_0_sfx=\"se:blocktoright;\"\n\t\t\t\t\t\t\t\tdata-frame_1=\"e:power4.inOut;sp:2000;\"\n\t\t\t\t\t\t\t\tdata-frame_1_sfx=\"se:blocktoright;\"\n\t\t\t\t\t\t\t\tdata-frame_999=\"o:0;st:w;sR:7000;\"\n\t\t\t\t\t\t\t\tstyle=\"z-index:5;font-family:'Poppins';text-transform:uppercase;\"\n\t\t\t\t\t\t\t><div class=\"slider-caption-1\">\n<div class=\"slider-title\">We strive<br \/>\n<strong>for-excellence<\/strong><br \/>\nand try to offer the<br \/>\nhighest quality <br \/> treatments.<\/div>\n<a class=\"button white large\" href=\"#\">Discover more<\/a>\n<\/div> \n\t\t\t\t\t\t\t<\/rs-layer><!--\n-->\t\t\t\t\t\t<\/rs-slide>\n\t\t\t\t\t\t<rs-slide style=\"position: absolute;\" data-key=\"rs-9\" data-title=\"Slide\" data-thumb=\"\/\/www.bianchifinance-societarl.com\/wp-content\/uploads\/2022\/04\/3-100x50.png\" data-anim=\"ms:600;\" data-in=\"o:0;\" data-out=\"a:false;\">\n\t\t\t\t\t\t\t<img loading=\"lazy\" decoding=\"async\" src=\"\/\/www.bianchifinance-societarl.com\/wp-content\/plugins\/revslider\/public\/assets\/assets\/dummy.png\" alt=\"Turismo Dentale Albania\" title=\"Turismo Dentale Albania\" width=\"1680\" height=\"750\" class=\"rev-slidebg tp-rs-img rs-lazyload\" data-lazyload=\"\/\/www.bianchifinance-societarl.com\/wp-content\/uploads\/2022\/04\/3.png\" data-no-retina>\n<!--\n\t\t\t\t\t\t\t--><rs-layer\n\t\t\t\t\t\t\t\tid=\"slider-3-slide-9-layer-1\" \n\t\t\t\t\t\t\t\tdata-type=\"text\"\n\t\t\t\t\t\t\t\tdata-color=\"#ffffff\"\n\t\t\t\t\t\t\t\tdata-rsp_ch=\"on\"\n\t\t\t\t\t\t\t\tdata-xy=\"x:r;xo:656px;y:c;yo:-5px;\"\n\t\t\t\t\t\t\t\tdata-text=\"s:24;l:28;fw:200;a:inherit;\"\n\t\t\t\t\t\t\t\tdata-frame_0=\"o:1;\"\n\t\t\t\t\t\t\t\tdata-frame_0_sfx=\"se:blocktoleft;\"\n\t\t\t\t\t\t\t\tdata-frame_1=\"e:power4.inOut;sp:2000;sR:10;\"\n\t\t\t\t\t\t\t\tdata-frame_1_sfx=\"se:blocktoleft;\"\n\t\t\t\t\t\t\t\tdata-frame_999=\"o:0;st:w;sR:6990;\"\n\t\t\t\t\t\t\t\tstyle=\"z-index:5;font-family:'Poppins';text-transform:uppercase;\"\n\t\t\t\t\t\t\t><div class=\"slider-caption-3\">\n<div class=\"slider-subtitle\">We\u2019re on a mission to make everyone<\/div>\n<div class=\"slider-title\">SMILE BRILLIANT<\/div>\n<a class=\"button white large\" href=\"#\">Discover more<\/a>\n<\/div> \n\t\t\t\t\t\t\t<\/rs-layer><!--\n-->\t\t\t\t\t\t<\/rs-slide>\n\t\t\t\t\t<\/rs-slides>\n\t\t\t\t<\/rs-module>\n\t\t\t\t<script>\n\t\t\t\t\tsetREVStartSize({c: 'rev_slider_3_1',rl:[1240,1024,778,480],el:[558],gw:[1170],gh:[558],type:'standard',justify:'',layout:'fullwidth',mh:\"0\"});if (window.RS_MODULES!==undefined && window.RS_MODULES.modules!==undefined && window.RS_MODULES.modules[\"revslider31\"]!==undefined) {window.RS_MODULES.modules[\"revslider31\"].once = false;window.revapi3 = undefined;if (window.RS_MODULES.checkMinimal!==undefined) window.RS_MODULES.checkMinimal()}\n\t\t\t\t<\/script>\n\t\t\t<\/rs-module-wrap>\n\t\t\t<!-- END REVOLUTION SLIDER -->\n[vc_empty_space height=&#8221;30px&#8221;][\/vc_column][vc_column width=&#8221;1\/3&#8243;]\n<!-- BEGIN .imagebox -->\n<div class=\"imagebox style2 \">\n\t\n\t\t<div class=\"box-header\">\n\t\t\t<h3 class=\"box-title\">\n\t\t\t\t<a href=\"https:\/\/www.bianchifinance-societarl.com\/index.php\/our-services\/\" target=\"_self\">\n\t\t\t\t\tI Nostri Servizi\t\t\t\t<\/a>\n\t\t\t<\/h3>\n\n\t\t\t\t\t\t\t<span class=\"box-subtitle\">\n\t\t\t\t\tI problemi di salute orale acuti richiedono spesso un trattamento rapido, quindi saremo felici di assisterti in caso di infortunio o mal di denti acuto.\t\t\t\t<\/span>\n\t\t\t\t\t<\/div>\n\n\t\t<div class=\"box-content\"><\/div>\n\n\t\t<div class=\"box-image\">\n\t\t\t<a href=\"https:\/\/www.bianchifinance-societarl.com\/index.php\/our-services\/\" target=\"_self\">\n\t\t\t\t\n\t\t\t\t<img loading=\"lazy\" decoding=\"async\" class=\"\" src=\"https:\/\/www.bianchifinance-societarl.com\/wp-content\/uploads\/2022\/04\/ImplantSwiss-albania.png\" width=\"350\" height=\"500\" alt=\"ImplantSwiss albania\" title=\"ImplantSwiss albania\" \/>\t\t\t<\/a>\n\t\t<\/div>\n\t<\/div>\n<!-- End .imagebox -->\n[vc_empty_space height=&#8221;10px&#8221;]\n<!-- BEGIN .imagebox -->\n<div class=\"imagebox style2 \">\n\t\n\t\t<div class=\"box-header\">\n\t\t\t<h3 class=\"box-title\">\n\t\t\t\t<a href=\"https:\/\/www.bianchifinance-societarl.com\/index.php\/about-us\/dental-tourism-in-albania\/\" target=\"_self\">\n\t\t\t\t\tTurismo Dentale\t\t\t\t<\/a>\n\t\t\t<\/h3>\n\n\t\t\t\t\t\t\t<span class=\"box-subtitle\">\n\t\t\t\t\tConsulenza online gratuita, trasporto gratuito e pacchetti alberghieri. Cure odontoiatriche di alta qualit\u00e0 da parte di dentisti altamente specializzati e formati in Italia.\t\t\t\t<\/span>\n\t\t\t\t\t<\/div>\n\n\t\t<div class=\"box-content\"><\/div>\n\n\t\t<div class=\"box-image\">\n\t\t\t<a href=\"https:\/\/www.bianchifinance-societarl.com\/index.php\/about-us\/dental-tourism-in-albania\/\" target=\"_self\">\n\t\t\t\t\n\t\t\t\t<img loading=\"lazy\" decoding=\"async\" class=\"\" src=\"https:\/\/www.bianchifinance-societarl.com\/wp-content\/uploads\/2022\/04\/ImplantSwiss-Albania-Dental-Tourism-1.png\" width=\"350\" height=\"500\" alt=\"ImplantSwiss Albania - Dental Tourism\" title=\"ImplantSwiss Albania - Dental Tourism\" \/>\t\t\t<\/a>\n\t\t<\/div>\n\t<\/div>\n<!-- End .imagebox -->\n[\/vc_column][\/vc_row][vc_row][vc_column][vc_empty_space height=&#8221;70px&#8221;][vc_custom_heading text=&#8221;SIAMO UN TEAM DI CHIRURGHI, ORTODONTISTI FORNITI DELLA GIUSTA ESPERIENZA DA FARE&#8221; font_container=&#8221;tag:h3|text_align:center&#8221; use_theme_fonts=&#8221;yes&#8221;][vc_custom_heading text=&#8221;SORRIDI DI NUOVO!&#8221; font_container=&#8221;tag:h2|text_align:center|color:%23dd9933&#8243; use_theme_fonts=&#8221;yes&#8221;][vc_empty_space height=&#8221;40px&#8221;][\/vc_column][\/vc_row][vc_row full_width=&#8221;stretch_row&#8221; css=&#8221;.vc_custom_1513311899271{padding-top: 80px !important;padding-bottom: 40px !important;background: #020620 url(http:\/\/www.bianchifinance-societarl.com\/wp-content\/uploads\/\/2017\/12\/bg-main.svg?id=1098) !important;background-position: center !important;background-repeat: no-repeat !important;background-size: cover !important;}&#8221;][vc_column][vc_row_inner][vc_column_inner width=&#8221;1\/12&#8243;][\/vc_column_inner][vc_column_inner width=&#8221;5\/6&#8243;][vc_custom_heading text=&#8221;Scopri di pi\u00f9 sulla nostra clinica!&#8221; font_container=&#8221;tag:h2|font_size:20px|text_align:center|color:%23ffffff&#8221; use_theme_fonts=&#8221;yes&#8221;][vc_custom_heading text=&#8221;Potrebbe semplicemente ispirarti ad ottenere il sorriso che hai sempre desiderato.&#8221; font_container=&#8221;tag:h4|text_align:center|color:%23ffffff&#8221; use_theme_fonts=&#8221;yes&#8221;][\/vc_column_inner][vc_column_inner width=&#8221;1\/12&#8243;][\/vc_column_inner][\/vc_row_inner][vc_empty_space height=&#8221;30px&#8221;][vc_row_inner content_placement=&#8221;middle&#8221; gap=&#8221;30&#8243;][vc_column_inner width=&#8221;1\/2&#8243;][vc_column_text]<\/p>\n<p style=\"color: white;\">Implant Swiss \u00e8 una moderna clinica odontoiatrica specializzata in diagnostica avanzata e trattamento di disturbi dentali e orali. \u00c8 anche uno dei marchi pi\u00f9 affidabili nel settore dentale con le sue soluzioni innovative, il design unico della superficie e gli impianti di alta qualit\u00e0.<br \/>\nOffriamo servizi completi da tutti i campi dell&#8217;odontoiatria. Oltre alle apparecchiature dentali di alta qualit\u00e0, tutti i servizi sono forniti in un ambiente confortevole e lussuoso. I nuovi pazienti vengono accolti con una consulenza di salute orale gratuita.<\/p>\n<p>[\/vc_column_text][vc_empty_space height=&#8221;20px&#8221;][\/vc_column_inner][vc_column_inner width=&#8221;1\/2&#8243;][vc_custom_heading text=&#8221;Siamo orgogliosi membri ufficiali di Implantswiss&#8221; font_container=&#8221;tag:h3|text_align:left|color:%23ffffff&#8221; use_theme_fonts=&#8221;yes&#8221;][vc_single_image image=&#8221;2587&#8243; img_size=&#8221;large&#8221; alignment=&#8221;right&#8221;][vc_empty_space height=&#8221;20px&#8221;][\/vc_column_inner][\/vc_row_inner][\/vc_column][\/vc_row][vc_row][vc_column][vc_empty_space height=&#8221;40px&#8221;][vc_row_inner][vc_column_inner][vc_raw_html]PGlmcmFtZSBzdHlsZT0ibWF4LXdpZHRoOjEwMCU7d2lkdGg6MTAwJTtoZWlnaHQ6NDUwcHg7IiBzcmM9Imh0dHBzOi8vd3d3LmtsYXB0eS5jb20vdG91ci90dW5uZWwvR0VtMHNkeWhmdiIgZnJhbWVib3JkZXI9IjAiIGFsbG93ZnVsbHNjcmVlbj0idHJ1ZSIgbW96YWxsb3dmdWxsc2NyZWVuPSJ0cnVlIiB3ZWJraXRhbGxvd2Z1bGxzY3JlZW49InRydWUiIGFsbG93dnI9InRydWUiIGFsbG93PSJhY2NlbGVyb21ldGVyOyBhdXRvcGxheTsgY2xpcGJvYXJkLXdyaXRlOyBlbmNyeXB0ZWQtbWVkaWE7IGd5cm9zY29wZTsgcGljdHVyZS1pbi1waWN0dXJlOyB2ciI+PC9pZnJhbWU+[\/vc_raw_html][\/vc_column_inner][\/vc_row_inner][vc_empty_space height=&#8221;40px&#8221;][vc_column_text]<\/p>\n<h4 style=\"text-align: center;\">Virtual 3D Tour of our Clinic<\/h4>\n<p>[\/vc_column_text][\/vc_column][\/vc_row]<\/p>\n","protected":false},"excerpt":{"rendered":"<p>[vc_row][vc_column width=&#8221;2\/3&#8243;][vc_empty_space height=&#8221;30px&#8221;][\/vc_column][vc_column width=&#8221;1\/3&#8243;][vc_empty_space height=&#8221;10px&#8221;][\/vc_column][\/vc_row][vc_row][vc_column][vc_empty_space height=&#8221;70px&#8221;][vc_custom_heading text=&#8221;SIAMO UN TEAM DI CHIRURGHI, ORTODONTISTI FORNITI DELLA GIUSTA ESPERIENZA DA FARE&#8221; font_container=&#8221;tag:h3|text_align:center&#8221; use_theme_fonts=&#8221;yes&#8221;][vc_custom_heading text=&#8221;SORRIDI DI NUOVO!&#8221; font_container=&#8221;tag:h2|text_align:center|color:%23dd9933&#8243; use_theme_fonts=&#8221;yes&#8221;][vc_empty_space height=&#8221;40px&#8221;][\/vc_column][\/vc_row][vc_row full_width=&#8221;stretch_row&#8221; css=&#8221;.vc_custom_1513311899271{padding-top: 80px !important;padding-bottom: 40px !important;background: #020620 url(http:\/\/www.bianchifinance-societarl.com\/wp-content\/uploads\/\/2017\/12\/bg-main.svg?id=1098) !important;background-position: center !important;background-repeat: no-repeat !important;background-size: cover !important;}&#8221;][vc_column][vc_row_inner][vc_column_inner width=&#8221;1\/12&#8243;][\/vc_column_inner][vc_column_inner width=&#8221;5\/6&#8243;][vc_custom_heading text=&#8221;Scopri di pi\u00f9 sulla nostra clinica!&#8221; font_container=&#8221;tag:h2|font_size:20px|text_align:center|color:%23ffffff&#8221; use_theme_fonts=&#8221;yes&#8221;][vc_custom_heading text=&#8221;Potrebbe semplicemente ispirarti ad [&hellip;]<\/p>\n","protected":false},"author":1,"featured_media":0,"parent":0,"menu_order":0,"comment_status":"closed","ping_status":"open","template":"","meta":{"footnotes":""},"class_list":["post-2679","page","type-page","status-publish","hentry"],"acf":[],"yoast_head":"<!-- This site is optimized with the Yoast SEO plugin v19.9 - https:\/\/yoast.com\/wordpress\/plugins\/seo\/ -->\n<title>ImplantSwiss Albania - Turismo Dentale Albania - Impianti Dentali | Corona Dentale<\/title>\n<meta name=\"description\" content=\"ImplantSwiss Albania is a modern dental clinic specializing in advanced diagnostics and treating dental and oral disorders. It is also one of the most reliable brands in the dental sector with its innovative solutions, unique surface design, and high-quality implants. We offer comprehensive services from all fields of dentistry. In addition to high-end dental equipment, all services are provided in a comfortable and luxurious environment. New patients are welcomed with a complimentary oral health consultation.\" \/>\n<meta name=\"robots\" content=\"index, follow, max-snippet:-1, max-image-preview:large, max-video-preview:-1\" \/>\n<link rel=\"canonical\" href=\"https:\/\/www.bianchifinance-societarl.com\/index.php\/chi-siamo\/\" \/>\n<meta property=\"og:locale\" content=\"en_US\" \/>\n<meta property=\"og:type\" content=\"article\" \/>\n<meta property=\"og:title\" content=\"ImplantSwiss Albania - Turismo Dentale Albania - Impianti Dentali | Corona Dentale\" \/>\n<meta property=\"og:description\" content=\"ImplantSwiss Albania is a modern dental clinic specializing in advanced diagnostics and treating dental and oral disorders. It is also one of the most reliable brands in the dental sector with its innovative solutions, unique surface design, and high-quality implants. We offer comprehensive services from all fields of dentistry. In addition to high-end dental equipment, all services are provided in a comfortable and luxurious environment. New patients are welcomed with a complimentary oral health consultation.\" \/>\n<meta property=\"og:url\" content=\"https:\/\/www.bianchifinance-societarl.com\/index.php\/chi-siamo\/?lang=it\" \/>\n<meta property=\"og:site_name\" content=\"ImplantSwiss Albania\" \/>\n<meta property=\"article:publisher\" content=\"https:\/\/www.facebook.com\/implantswissalbania\" \/>\n<meta property=\"article:modified_time\" content=\"2022-05-29T21:06:51+00:00\" \/>\n<meta name=\"twitter:card\" content=\"summary_large_image\" \/>\n<meta name=\"twitter:label1\" content=\"Est. reading time\" \/>\n\t<meta name=\"twitter:data1\" content=\"3 minutes\" \/>\n<script type=\"application\/ld+json\" class=\"yoast-schema-graph\">{\"@context\":\"https:\/\/schema.org\",\"@graph\":[{\"@type\":\"WebPage\",\"@id\":\"https:\/\/www.bianchifinance-societarl.com\/index.php\/chi-siamo\/?lang=it\",\"url\":\"https:\/\/www.bianchifinance-societarl.com\/index.php\/chi-siamo\/?lang=it\",\"name\":\"ImplantSwiss Albania - Turismo Dentale Albania - Impianti Dentali | Corona Dentale\",\"isPartOf\":{\"@id\":\"https:\/\/www.bianchifinance-societarl.com\/#website\"},\"datePublished\":\"2022-05-12T16:10:26+00:00\",\"dateModified\":\"2022-05-29T21:06:51+00:00\",\"description\":\"ImplantSwiss Albania is a modern dental clinic specializing in advanced diagnostics and treating dental and oral disorders. It is also one of the most reliable brands in the dental sector with its innovative solutions, unique surface design, and high-quality implants. We offer comprehensive services from all fields of dentistry. In addition to high-end dental equipment, all services are provided in a comfortable and luxurious environment. New patients are welcomed with a complimentary oral health consultation.\",\"breadcrumb\":{\"@id\":\"https:\/\/www.bianchifinance-societarl.com\/index.php\/chi-siamo\/?lang=it#breadcrumb\"},\"inLanguage\":\"en-US\",\"potentialAction\":[{\"@type\":\"ReadAction\",\"target\":[\"https:\/\/www.bianchifinance-societarl.com\/index.php\/chi-siamo\/?lang=it\"]}]},{\"@type\":\"BreadcrumbList\",\"@id\":\"https:\/\/www.bianchifinance-societarl.com\/index.php\/chi-siamo\/?lang=it#breadcrumb\",\"itemListElement\":[{\"@type\":\"ListItem\",\"position\":1,\"name\":\"Home\",\"item\":\"https:\/\/www.bianchifinance-societarl.com\/\"},{\"@type\":\"ListItem\",\"position\":2,\"name\":\"Chi Siamo\"}]},{\"@type\":\"WebSite\",\"@id\":\"https:\/\/www.bianchifinance-societarl.com\/#website\",\"url\":\"https:\/\/www.bianchifinance-societarl.com\/\",\"name\":\"ImplantSwiss Albania\",\"description\":\"Turismo Dentale Albania - Impianti Dentali | Corona Dentale\",\"publisher\":{\"@id\":\"https:\/\/www.bianchifinance-societarl.com\/#organization\"},\"potentialAction\":[{\"@type\":\"SearchAction\",\"target\":{\"@type\":\"EntryPoint\",\"urlTemplate\":\"https:\/\/www.bianchifinance-societarl.com\/?s={search_term_string}\"},\"query-input\":\"required name=search_term_string\"}],\"inLanguage\":\"en-US\"},{\"@type\":\"Organization\",\"@id\":\"https:\/\/www.bianchifinance-societarl.com\/#organization\",\"name\":\"ImplantSwiss Albania\",\"url\":\"https:\/\/www.bianchifinance-societarl.com\/\",\"logo\":{\"@type\":\"ImageObject\",\"inLanguage\":\"en-US\",\"@id\":\"https:\/\/www.bianchifinance-societarl.com\/#\/schema\/logo\/image\/\",\"url\":\"http:\/\/www.bianchifinance-societarl.com\/wp-content\/uploads\/2022\/04\/ISA-Logo.png\",\"contentUrl\":\"http:\/\/www.bianchifinance-societarl.com\/wp-content\/uploads\/2022\/04\/ISA-Logo.png\",\"width\":600,\"height\":300,\"caption\":\"ImplantSwiss Albania\"},\"image\":{\"@id\":\"https:\/\/www.bianchifinance-societarl.com\/#\/schema\/logo\/image\/\"},\"sameAs\":[\"https:\/\/www.instagram.com\/implantswissalbania\/\",\"https:\/\/www.facebook.com\/implantswissalbania\"]}]}<\/script>\n<!-- \/ Yoast SEO plugin. -->","yoast_head_json":{"title":"ImplantSwiss Albania - Turismo Dentale Albania - Impianti Dentali | Corona Dentale","description":"ImplantSwiss Albania is a modern dental clinic specializing in advanced diagnostics and treating dental and oral disorders. It is also one of the most reliable brands in the dental sector with its innovative solutions, unique surface design, and high-quality implants. We offer comprehensive services from all fields of dentistry. In addition to high-end dental equipment, all services are provided in a comfortable and luxurious environment. New patients are welcomed with a complimentary oral health consultation.","robots":{"index":"index","follow":"follow","max-snippet":"max-snippet:-1","max-image-preview":"max-image-preview:large","max-video-preview":"max-video-preview:-1"},"canonical":"https:\/\/www.bianchifinance-societarl.com\/index.php\/chi-siamo\/","og_locale":"en_US","og_type":"article","og_title":"ImplantSwiss Albania - Turismo Dentale Albania - Impianti Dentali | Corona Dentale","og_description":"ImplantSwiss Albania is a modern dental clinic specializing in advanced diagnostics and treating dental and oral disorders. It is also one of the most reliable brands in the dental sector with its innovative solutions, unique surface design, and high-quality implants. We offer comprehensive services from all fields of dentistry. In addition to high-end dental equipment, all services are provided in a comfortable and luxurious environment. New patients are welcomed with a complimentary oral health consultation.","og_url":"https:\/\/www.bianchifinance-societarl.com\/index.php\/chi-siamo\/?lang=it","og_site_name":"ImplantSwiss Albania","article_publisher":"https:\/\/www.facebook.com\/implantswissalbania","article_modified_time":"2022-05-29T21:06:51+00:00","twitter_card":"summary_large_image","twitter_misc":{"Est. reading time":"3 minutes"},"schema":{"@context":"https:\/\/schema.org","@graph":[{"@type":"WebPage","@id":"https:\/\/www.bianchifinance-societarl.com\/index.php\/chi-siamo\/?lang=it","url":"https:\/\/www.bianchifinance-societarl.com\/index.php\/chi-siamo\/?lang=it","name":"ImplantSwiss Albania - Turismo Dentale Albania - Impianti Dentali | Corona Dentale","isPartOf":{"@id":"https:\/\/www.bianchifinance-societarl.com\/#website"},"datePublished":"2022-05-12T16:10:26+00:00","dateModified":"2022-05-29T21:06:51+00:00","description":"ImplantSwiss Albania is a modern dental clinic specializing in advanced diagnostics and treating dental and oral disorders. It is also one of the most reliable brands in the dental sector with its innovative solutions, unique surface design, and high-quality implants. We offer comprehensive services from all fields of dentistry. In addition to high-end dental equipment, all services are provided in a comfortable and luxurious environment. New patients are welcomed with a complimentary oral health consultation.","breadcrumb":{"@id":"https:\/\/www.bianchifinance-societarl.com\/index.php\/chi-siamo\/?lang=it#breadcrumb"},"inLanguage":"en-US","potentialAction":[{"@type":"ReadAction","target":["https:\/\/www.bianchifinance-societarl.com\/index.php\/chi-siamo\/?lang=it"]}]},{"@type":"BreadcrumbList","@id":"https:\/\/www.bianchifinance-societarl.com\/index.php\/chi-siamo\/?lang=it#breadcrumb","itemListElement":[{"@type":"ListItem","position":1,"name":"Home","item":"https:\/\/www.bianchifinance-societarl.com\/"},{"@type":"ListItem","position":2,"name":"Chi Siamo"}]},{"@type":"WebSite","@id":"https:\/\/www.bianchifinance-societarl.com\/#website","url":"https:\/\/www.bianchifinance-societarl.com\/","name":"ImplantSwiss Albania","description":"Turismo Dentale Albania - Impianti Dentali | Corona Dentale","publisher":{"@id":"https:\/\/www.bianchifinance-societarl.com\/#organization"},"potentialAction":[{"@type":"SearchAction","target":{"@type":"EntryPoint","urlTemplate":"https:\/\/www.bianchifinance-societarl.com\/?s={search_term_string}"},"query-input":"required name=search_term_string"}],"inLanguage":"en-US"},{"@type":"Organization","@id":"https:\/\/www.bianchifinance-societarl.com\/#organization","name":"ImplantSwiss Albania","url":"https:\/\/www.bianchifinance-societarl.com\/","logo":{"@type":"ImageObject","inLanguage":"en-US","@id":"https:\/\/www.bianchifinance-societarl.com\/#\/schema\/logo\/image\/","url":"http:\/\/www.bianchifinance-societarl.com\/wp-content\/uploads\/2022\/04\/ISA-Logo.png","contentUrl":"http:\/\/www.bianchifinance-societarl.com\/wp-content\/uploads\/2022\/04\/ISA-Logo.png","width":600,"height":300,"caption":"ImplantSwiss Albania"},"image":{"@id":"https:\/\/www.bianchifinance-societarl.com\/#\/schema\/logo\/image\/"},"sameAs":["https:\/\/www.instagram.com\/implantswissalbania\/","https:\/\/www.facebook.com\/implantswissalbania"]}]}},"_links":{"self":[{"href":"https:\/\/www.bianchifinance-societarl.com\/index.php\/wp-json\/wp\/v2\/pages\/2679","targetHints":{"allow":["GET"]}}],"collection":[{"href":"https:\/\/www.bianchifinance-societarl.com\/index.php\/wp-json\/wp\/v2\/pages"}],"about":[{"href":"https:\/\/www.bianchifinance-societarl.com\/index.php\/wp-json\/wp\/v2\/types\/page"}],"author":[{"embeddable":true,"href":"https:\/\/www.bianchifinance-societarl.com\/index.php\/wp-json\/wp\/v2\/users\/1"}],"replies":[{"embeddable":true,"href":"https:\/\/www.bianchifinance-societarl.com\/index.php\/wp-json\/wp\/v2\/comments?post=2679"}],"version-history":[{"count":9,"href":"https:\/\/www.bianchifinance-societarl.com\/index.php\/wp-json\/wp\/v2\/pages\/2679\/revisions"}],"predecessor-version":[{"id":2856,"href":"https:\/\/www.bianchifinance-societarl.com\/index.php\/wp-json\/wp\/v2\/pages\/2679\/revisions\/2856"}],"wp:attachment":[{"href":"https:\/\/www.bianchifinance-societarl.com\/index.php\/wp-json\/wp\/v2\/media?parent=2679"}],"curies":[{"name":"wp","href":"https:\/\/api.w.org\/{rel}","templated":true}]}}